{"id":336449,"date":"2025-09-10T15:46:35","date_gmt":"2025-09-10T18:46:35","guid":{"rendered":"https:\/\/www.livrariarema.com.br\/loja\/produtos\/sem categoria\/brinquedo-educativo-madeira-prancha-de-selecao-16-pecas\/"},"modified":"2025-10-08T18:20:46","modified_gmt":"2025-10-08T21:20:46","slug":"brinquedo-educativo-madeira-prancha-de-selecao-16-pecas","status":"publish","type":"product","link":"https:\/\/www.livrariarema.com.br\/loja\/produtos\/brinquedos\/brinquedos-educativos\/brinquedo-educativo-madeira-prancha-de-selecao-16-pecas\/","title":{"rendered":"Brinquedo Educativo &#8211; Madeira &#8211; Prancha De Sele\u00e7\u00e3o &#8211; 16 Pe\u00e7as"},"content":{"rendered":"<p>Registro Inmetro: 010102\/2023<\/p>\n","protected":false},"excerpt":{"rendered":"<p>Registro Inmetro: 010102\/2023<\/p>\n","protected":false},"featured_media":336448,"comment_status":"open","ping_status":"closed","template":"","meta":[],"product_cat":[315,319],"product_tag":[],"_links":{"self":[{"href":"https:\/\/www.livrariarema.com.br\/loja\/wp-json\/wp\/v2\/product\/336449"}],"collection":[{"href":"https:\/\/www.livrariarema.com.br\/loja\/wp-json\/wp\/v2\/product"}],"about":[{"href":"https:\/\/www.livrariarema.com.br\/loja\/wp-json\/wp\/v2\/types\/product"}],"replies":[{"embeddable":true,"href":"https:\/\/www.livrariarema.com.br\/loja\/wp-json\/wp\/v2\/comments?post=336449"}],"wp:featuredmedia":[{"embeddable":true,"href":"https:\/\/www.livrariarema.com.br\/loja\/wp-json\/wp\/v2\/media\/336448"}],"wp:attachment":[{"href":"https:\/\/www.livrariarema.com.br\/loja\/wp-json\/wp\/v2\/media?parent=336449"}],"wp:term":[{"taxonomy":"product_cat","embeddable":true,"href":"https:\/\/www.livrariarema.com.br\/loja\/wp-json\/wp\/v2\/product_cat?post=336449"},{"taxonomy":"product_tag","embeddable":true,"href":"https:\/\/www.livrariarema.com.br\/loja\/wp-json\/wp\/v2\/product_tag?post=336449"}],"curies":[{"name":"wp","href":"https:\/\/api.w.org\/{rel}","templated":true}]}}