{"id":336509,"date":"2025-09-11T12:03:34","date_gmt":"2025-09-11T15:03:34","guid":{"rendered":"https:\/\/www.livrariarema.com.br\/loja\/produtos\/sem categoria\/caderno-universitario-80-folhas-cadersil-dorama\/"},"modified":"2026-01-14T15:41:20","modified_gmt":"2026-01-14T18:41:20","slug":"caderno-universitario-80-folhas-cadersil-dorama","status":"publish","type":"product","link":"https:\/\/www.livrariarema.com.br\/loja\/produtos\/papelaria\/caderno\/caderno-universitario-80-folhas-cadersil-dorama\/","title":{"rendered":"Caderno Universit\u00e1rio 80 Folhas &#8211; Cadersil &#8211; Dorama"},"content":{"rendered":"<p>Bolsa portf\u00f3lio, cartela de adesivos, editorial, divis\u00f3rias de mat\u00e9rias, miolo com microsserrilhas e espiral dourado.<\/p>\n<p>Vendido Individualmente<\/p>\n<p>Enviado de acordo com a disponibilidade em estoque<\/p>\n","protected":false},"excerpt":{"rendered":"<p>Bolsa portf\u00f3lio, cartela de adesivos, editorial, divis\u00f3rias de mat\u00e9rias, miolo com microsserrilhas e espiral dourado. Vendido Individualmente Enviado de acordo&hellip;<\/p>\n","protected":false},"featured_media":336867,"comment_status":"open","ping_status":"closed","template":"","meta":[],"product_cat":[230,215],"product_tag":[],"_links":{"self":[{"href":"https:\/\/www.livrariarema.com.br\/loja\/wp-json\/wp\/v2\/product\/336509"}],"collection":[{"href":"https:\/\/www.livrariarema.com.br\/loja\/wp-json\/wp\/v2\/product"}],"about":[{"href":"https:\/\/www.livrariarema.com.br\/loja\/wp-json\/wp\/v2\/types\/product"}],"replies":[{"embeddable":true,"href":"https:\/\/www.livrariarema.com.br\/loja\/wp-json\/wp\/v2\/comments?post=336509"}],"wp:featuredmedia":[{"embeddable":true,"href":"https:\/\/www.livrariarema.com.br\/loja\/wp-json\/wp\/v2\/media\/336867"}],"wp:attachment":[{"href":"https:\/\/www.livrariarema.com.br\/loja\/wp-json\/wp\/v2\/media?parent=336509"}],"wp:term":[{"taxonomy":"product_cat","embeddable":true,"href":"https:\/\/www.livrariarema.com.br\/loja\/wp-json\/wp\/v2\/product_cat?post=336509"},{"taxonomy":"product_tag","embeddable":true,"href":"https:\/\/www.livrariarema.com.br\/loja\/wp-json\/wp\/v2\/product_tag?post=336509"}],"curies":[{"name":"wp","href":"https:\/\/api.w.org\/{rel}","templated":true}]}}