{"id":336511,"date":"2025-09-11T12:03:59","date_gmt":"2025-09-11T15:03:59","guid":{"rendered":"https:\/\/www.livrariarema.com.br\/loja\/produtos\/sem categoria\/caderno-universitario-160-folhas-cadersil-dorama\/"},"modified":"2025-09-17T08:25:28","modified_gmt":"2025-09-17T11:25:28","slug":"caderno-universitario-160-folhas-cadersil-dorama","status":"publish","type":"product","link":"https:\/\/www.livrariarema.com.br\/loja\/produtos\/papelaria\/caderno\/caderno-universitario-160-folhas-cadersil-dorama\/","title":{"rendered":"Caderno Universit\u00e1rio 160 Folhas &#8211; Cadersil &#8211; Dorama"},"content":{"rendered":"<p>Bolsa portf\u00f3lio, cartela de adesivos, editorial, divis\u00f3rias de mat\u00e9rias, miolo com microsserrilhas e espiral dourado.<\/p>\n<p>Vendido Individualmente<\/p>\n<p>Enviado de acordo com a disponibilidade em estoque<\/p>\n","protected":false},"excerpt":{"rendered":"<p>Bolsa portf\u00f3lio, cartela de adesivos, editorial, divis\u00f3rias de mat\u00e9rias, miolo com microsserrilhas e espiral dourado. Vendido Individualmente Enviado de acordo&hellip;<\/p>\n","protected":false},"featured_media":336868,"comment_status":"open","ping_status":"closed","template":"","meta":[],"product_cat":[230,215],"product_tag":[],"_links":{"self":[{"href":"https:\/\/www.livrariarema.com.br\/loja\/wp-json\/wp\/v2\/product\/336511"}],"collection":[{"href":"https:\/\/www.livrariarema.com.br\/loja\/wp-json\/wp\/v2\/product"}],"about":[{"href":"https:\/\/www.livrariarema.com.br\/loja\/wp-json\/wp\/v2\/types\/product"}],"replies":[{"embeddable":true,"href":"https:\/\/www.livrariarema.com.br\/loja\/wp-json\/wp\/v2\/comments?post=336511"}],"wp:featuredmedia":[{"embeddable":true,"href":"https:\/\/www.livrariarema.com.br\/loja\/wp-json\/wp\/v2\/media\/336868"}],"wp:attachment":[{"href":"https:\/\/www.livrariarema.com.br\/loja\/wp-json\/wp\/v2\/media?parent=336511"}],"wp:term":[{"taxonomy":"product_cat","embeddable":true,"href":"https:\/\/www.livrariarema.com.br\/loja\/wp-json\/wp\/v2\/product_cat?post=336511"},{"taxonomy":"product_tag","embeddable":true,"href":"https:\/\/www.livrariarema.com.br\/loja\/wp-json\/wp\/v2\/product_tag?post=336511"}],"curies":[{"name":"wp","href":"https:\/\/api.w.org\/{rel}","templated":true}]}}