{"id":336543,"date":"2025-09-11T15:25:13","date_gmt":"2025-09-11T18:25:13","guid":{"rendered":"https:\/\/www.livrariarema.com.br\/loja\/produtos\/sem categoria\/prancheta-a5-estampada-30-folhas-decoradas-meu-dia-folhagem\/"},"modified":"2026-04-17T13:11:08","modified_gmt":"2026-04-17T16:11:08","slug":"prancheta-a5-estampada-30-folhas-decoradas-meu-dia-folhagem","status":"publish","type":"product","link":"https:\/\/www.livrariarema.com.br\/loja\/produtos\/papelaria\/prancheta\/prancheta-a5-estampada-30-folhas-decoradas-meu-dia-folhagem\/","title":{"rendered":"Prancheta A5 Estampada + 30 Folhas Decoradas &#8211; Meu Dia Folhagem"},"content":{"rendered":"<p>Seja bem-vindo ao mundo encantador da prancheta, onde cada detalhe \u00e9 pensado para trazer alegria e inspira\u00e7\u00e3o ao seu dia a dia. Com tamanho m\u00e9dio A5 (23\u00d717.5 cm), esta prancheta \u00e9 a companheira ideal para suas anota\u00e7\u00f5es, esbo\u00e7os e projetos criativos.<\/p>\n<p>Nossa prancheta \u00e9 mais do que um simples suporte para papel &#8211; \u00e9 uma tela para sua imagina\u00e7\u00e3o. Dispon\u00edvel em uma variedade de estampas deslumbrantes, que v\u00e3o desde flores vibrantes at\u00e9 padr\u00f5es geom\u00e9tricos modernos, cada modelo \u00e9 uma explos\u00e3o de personalidade e charme.<\/p>\n","protected":false},"excerpt":{"rendered":"<p>Seja bem-vindo ao mundo encantador da prancheta, onde cada detalhe \u00e9 pensado para trazer alegria e inspira\u00e7\u00e3o ao seu dia&hellip;<\/p>\n","protected":false},"featured_media":336542,"comment_status":"open","ping_status":"closed","template":"","meta":[],"product_cat":[215,268],"product_tag":[],"_links":{"self":[{"href":"https:\/\/www.livrariarema.com.br\/loja\/wp-json\/wp\/v2\/product\/336543"}],"collection":[{"href":"https:\/\/www.livrariarema.com.br\/loja\/wp-json\/wp\/v2\/product"}],"about":[{"href":"https:\/\/www.livrariarema.com.br\/loja\/wp-json\/wp\/v2\/types\/product"}],"replies":[{"embeddable":true,"href":"https:\/\/www.livrariarema.com.br\/loja\/wp-json\/wp\/v2\/comments?post=336543"}],"wp:featuredmedia":[{"embeddable":true,"href":"https:\/\/www.livrariarema.com.br\/loja\/wp-json\/wp\/v2\/media\/336542"}],"wp:attachment":[{"href":"https:\/\/www.livrariarema.com.br\/loja\/wp-json\/wp\/v2\/media?parent=336543"}],"wp:term":[{"taxonomy":"product_cat","embeddable":true,"href":"https:\/\/www.livrariarema.com.br\/loja\/wp-json\/wp\/v2\/product_cat?post=336543"},{"taxonomy":"product_tag","embeddable":true,"href":"https:\/\/www.livrariarema.com.br\/loja\/wp-json\/wp\/v2\/product_tag?post=336543"}],"curies":[{"name":"wp","href":"https:\/\/api.w.org\/{rel}","templated":true}]}}