{"id":336549,"date":"2025-09-11T15:26:08","date_gmt":"2025-09-11T18:26:08","guid":{"rendered":"https:\/\/www.livrariarema.com.br\/loja\/produtos\/sem categoria\/papel-de-carta-4-unidades-la-palomita-capivara\/"},"modified":"2026-04-25T12:00:44","modified_gmt":"2026-04-25T15:00:44","slug":"papel-de-carta-4-unidades-la-palomita-capivara","status":"publish","type":"product","link":"https:\/\/www.livrariarema.com.br\/loja\/produtos\/papelaria\/papel-de-carta\/papel-de-carta-4-unidades-la-palomita-capivara\/","title":{"rendered":"Papel De Carta &#8211; 4 Unidades &#8211; La Palomita &#8211; Capivara"},"content":{"rendered":"<p>Cada kit cont\u00e9m 4 envelopes, 4 pap\u00e9is de carta e 4 adesivos para fechamento.<br \/>\n-Os envelopes s\u00e3o lindos e \u00fanicos, impressos em papel premium com lamina\u00e7\u00e3o brilhante;<br \/>\n-Os pap\u00e9is de carta s\u00e3o acid-free. Perfeitos para guardar por muito tempo sem que fiquem com aspecto amarelado!<br \/>\n-Os pap\u00e9is tem alta gramatura (120g) e toque sedoso, muita eleg\u00e2ncia!<br \/>\n-Dimens\u00f5es do envelope: 15 x 11cm<br \/>\n-Dimens\u00f5es do papel de carta: 21 x 14,6cm<\/p>\n","protected":false},"excerpt":{"rendered":"<p>Cada kit cont\u00e9m 4 envelopes, 4 pap\u00e9is de carta e 4 adesivos para fechamento. -Os envelopes s\u00e3o lindos e \u00fanicos,&hellip;<\/p>\n","protected":false},"featured_media":336548,"comment_status":"open","ping_status":"closed","template":"","meta":[],"product_cat":[310,215],"product_tag":[],"_links":{"self":[{"href":"https:\/\/www.livrariarema.com.br\/loja\/wp-json\/wp\/v2\/product\/336549"}],"collection":[{"href":"https:\/\/www.livrariarema.com.br\/loja\/wp-json\/wp\/v2\/product"}],"about":[{"href":"https:\/\/www.livrariarema.com.br\/loja\/wp-json\/wp\/v2\/types\/product"}],"replies":[{"embeddable":true,"href":"https:\/\/www.livrariarema.com.br\/loja\/wp-json\/wp\/v2\/comments?post=336549"}],"wp:featuredmedia":[{"embeddable":true,"href":"https:\/\/www.livrariarema.com.br\/loja\/wp-json\/wp\/v2\/media\/336548"}],"wp:attachment":[{"href":"https:\/\/www.livrariarema.com.br\/loja\/wp-json\/wp\/v2\/media?parent=336549"}],"wp:term":[{"taxonomy":"product_cat","embeddable":true,"href":"https:\/\/www.livrariarema.com.br\/loja\/wp-json\/wp\/v2\/product_cat?post=336549"},{"taxonomy":"product_tag","embeddable":true,"href":"https:\/\/www.livrariarema.com.br\/loja\/wp-json\/wp\/v2\/product_tag?post=336549"}],"curies":[{"name":"wp","href":"https:\/\/api.w.org\/{rel}","templated":true}]}}