{"id":336561,"date":"2025-09-11T15:34:02","date_gmt":"2025-09-11T18:34:02","guid":{"rendered":"https:\/\/www.livrariarema.com.br\/loja\/produtos\/sem categoria\/caderno-wire-o-buendia-a5-florologia-hortencia-100-folhas-reposicionaveis\/"},"modified":"2026-02-27T13:01:00","modified_gmt":"2026-02-27T16:01:00","slug":"caderno-wire-o-buendia-a5-florologia-hortencia-100-folhas-reposicionaveis","status":"publish","type":"product","link":"https:\/\/www.livrariarema.com.br\/loja\/produtos\/papelaria\/caderno\/caderno-wire-o-buendia-a5-florologia-hortencia-100-folhas-reposicionaveis\/","title":{"rendered":"Caderno Wire-O &#8211; Buendia &#8211; A5 &#8211; Florologia Hort\u00eancia &#8211; 100 Folhas Reposicion\u00e1veis"},"content":{"rendered":"<p>A cole\u00e7\u00e3o Florologia \u00e9 dedicada \u00e0s flores, cores e o que elas representam. Cada estampa evoca sentimentos \u00fanicos, perfeito para que voc\u00ea j\u00e1 escolher seu mood para o novo ano que vem a\u00ed!<\/p>\n","protected":false},"excerpt":{"rendered":"<p>A cole\u00e7\u00e3o Florologia \u00e9 dedicada \u00e0s flores, cores e o que elas representam. Cada estampa evoca sentimentos \u00fanicos, perfeito para&hellip;<\/p>\n","protected":false},"featured_media":336560,"comment_status":"open","ping_status":"closed","template":"","meta":[],"product_cat":[230,215],"product_tag":[],"_links":{"self":[{"href":"https:\/\/www.livrariarema.com.br\/loja\/wp-json\/wp\/v2\/product\/336561"}],"collection":[{"href":"https:\/\/www.livrariarema.com.br\/loja\/wp-json\/wp\/v2\/product"}],"about":[{"href":"https:\/\/www.livrariarema.com.br\/loja\/wp-json\/wp\/v2\/types\/product"}],"replies":[{"embeddable":true,"href":"https:\/\/www.livrariarema.com.br\/loja\/wp-json\/wp\/v2\/comments?post=336561"}],"wp:featuredmedia":[{"embeddable":true,"href":"https:\/\/www.livrariarema.com.br\/loja\/wp-json\/wp\/v2\/media\/336560"}],"wp:attachment":[{"href":"https:\/\/www.livrariarema.com.br\/loja\/wp-json\/wp\/v2\/media?parent=336561"}],"wp:term":[{"taxonomy":"product_cat","embeddable":true,"href":"https:\/\/www.livrariarema.com.br\/loja\/wp-json\/wp\/v2\/product_cat?post=336561"},{"taxonomy":"product_tag","embeddable":true,"href":"https:\/\/www.livrariarema.com.br\/loja\/wp-json\/wp\/v2\/product_tag?post=336561"}],"curies":[{"name":"wp","href":"https:\/\/api.w.org\/{rel}","templated":true}]}}