{"id":336563,"date":"2025-09-11T15:34:22","date_gmt":"2025-09-11T18:34:22","guid":{"rendered":"https:\/\/www.livrariarema.com.br\/loja\/produtos\/sem categoria\/caderno-wire-o-buendia-a5-florologia-cosmos-100-folhas-reposicionaveis\/"},"modified":"2026-02-24T12:50:15","modified_gmt":"2026-02-24T15:50:15","slug":"caderno-wire-o-buendia-a5-florologia-cosmos-100-folhas-reposicionaveis","status":"publish","type":"product","link":"https:\/\/www.livrariarema.com.br\/loja\/produtos\/papelaria\/caderno\/caderno-wire-o-buendia-a5-florologia-cosmos-100-folhas-reposicionaveis\/","title":{"rendered":"Caderno Wire-O &#8211; Buendia &#8211; A5 &#8211; Florologia Cosmos &#8211; 100 Folhas Reposicion\u00e1veis"},"content":{"rendered":"<p>A cole\u00e7\u00e3o Florologia \u00e9 dedicada \u00e0s flores, cores e o que elas representam. Cada estampa evoca sentimentos \u00fanicos, perfeito para que voc\u00ea j\u00e1 escolher seu mood para o novo ano que vem a\u00ed!<\/p>\n","protected":false},"excerpt":{"rendered":"<p>A cole\u00e7\u00e3o Florologia \u00e9 dedicada \u00e0s flores, cores e o que elas representam. Cada estampa evoca sentimentos \u00fanicos, perfeito para&hellip;<\/p>\n","protected":false},"featured_media":336562,"comment_status":"open","ping_status":"closed","template":"","meta":[],"product_cat":[230,215],"product_tag":[],"_links":{"self":[{"href":"https:\/\/www.livrariarema.com.br\/loja\/wp-json\/wp\/v2\/product\/336563"}],"collection":[{"href":"https:\/\/www.livrariarema.com.br\/loja\/wp-json\/wp\/v2\/product"}],"about":[{"href":"https:\/\/www.livrariarema.com.br\/loja\/wp-json\/wp\/v2\/types\/product"}],"replies":[{"embeddable":true,"href":"https:\/\/www.livrariarema.com.br\/loja\/wp-json\/wp\/v2\/comments?post=336563"}],"wp:featuredmedia":[{"embeddable":true,"href":"https:\/\/www.livrariarema.com.br\/loja\/wp-json\/wp\/v2\/media\/336562"}],"wp:attachment":[{"href":"https:\/\/www.livrariarema.com.br\/loja\/wp-json\/wp\/v2\/media?parent=336563"}],"wp:term":[{"taxonomy":"product_cat","embeddable":true,"href":"https:\/\/www.livrariarema.com.br\/loja\/wp-json\/wp\/v2\/product_cat?post=336563"},{"taxonomy":"product_tag","embeddable":true,"href":"https:\/\/www.livrariarema.com.br\/loja\/wp-json\/wp\/v2\/product_tag?post=336563"}],"curies":[{"name":"wp","href":"https:\/\/api.w.org\/{rel}","templated":true}]}}