{"id":336569,"date":"2025-09-11T16:07:46","date_gmt":"2025-09-11T19:07:46","guid":{"rendered":"https:\/\/www.livrariarema.com.br\/loja\/produtos\/sem categoria\/perfume-para-papel-buendia-12ml-notas-de-chocolate\/"},"modified":"2025-11-25T18:33:11","modified_gmt":"2025-11-25T21:33:11","slug":"perfume-para-papel-buendia-12ml-notas-de-chocolate","status":"publish","type":"product","link":"https:\/\/www.livrariarema.com.br\/loja\/produtos\/papelaria\/perfume-para-papel\/perfume-para-papel-buendia-12ml-notas-de-chocolate\/","title":{"rendered":"Perfume Para Papel &#8211; Buendia &#8211; 12Ml &#8211; Notas De Chocolate"},"content":{"rendered":"<p>J\u00e1 pensou em perfumar suas anota\u00e7\u00f5es, livros e cadernos?<\/p>\n<p>D\u00ea uma pitada de alegria e personalidade \u00e0s suas anota\u00e7\u00f5es com os perfumes para papel Buend\u00eda! Feitos com ess\u00eancias premium e formula\u00e7\u00e3o sem \u00e1gua eles s\u00e3o perfeitos para levar dentro do estojo e te acompanhar nos estudos. Inspire leveza, tranquilidade e frescor. Este aroma c\u00edtrico lembra dias de praia e cheirinho de mar. Perfeito para dar um toque de tranquilidade e paz nos seus momentos de escrita e leitura.Inspire leveza, tranquilidade e frescor.<\/p>\n","protected":false},"excerpt":{"rendered":"<p>J\u00e1 pensou em perfumar suas anota\u00e7\u00f5es, livros e cadernos? D\u00ea uma pitada de alegria e personalidade \u00e0s suas anota\u00e7\u00f5es com&hellip;<\/p>\n","protected":false},"featured_media":336568,"comment_status":"open","ping_status":"closed","template":"","meta":[],"product_cat":[215,333],"product_tag":[],"_links":{"self":[{"href":"https:\/\/www.livrariarema.com.br\/loja\/wp-json\/wp\/v2\/product\/336569"}],"collection":[{"href":"https:\/\/www.livrariarema.com.br\/loja\/wp-json\/wp\/v2\/product"}],"about":[{"href":"https:\/\/www.livrariarema.com.br\/loja\/wp-json\/wp\/v2\/types\/product"}],"replies":[{"embeddable":true,"href":"https:\/\/www.livrariarema.com.br\/loja\/wp-json\/wp\/v2\/comments?post=336569"}],"wp:featuredmedia":[{"embeddable":true,"href":"https:\/\/www.livrariarema.com.br\/loja\/wp-json\/wp\/v2\/media\/336568"}],"wp:attachment":[{"href":"https:\/\/www.livrariarema.com.br\/loja\/wp-json\/wp\/v2\/media?parent=336569"}],"wp:term":[{"taxonomy":"product_cat","embeddable":true,"href":"https:\/\/www.livrariarema.com.br\/loja\/wp-json\/wp\/v2\/product_cat?post=336569"},{"taxonomy":"product_tag","embeddable":true,"href":"https:\/\/www.livrariarema.com.br\/loja\/wp-json\/wp\/v2\/product_tag?post=336569"}],"curies":[{"name":"wp","href":"https:\/\/api.w.org\/{rel}","templated":true}]}}