{"id":336585,"date":"2025-09-11T16:14:42","date_gmt":"2025-09-11T19:14:42","guid":{"rendered":"https:\/\/www.livrariarema.com.br\/loja\/?post_type=product&#038;p=336585"},"modified":"2026-03-19T11:20:45","modified_gmt":"2026-03-19T14:20:45","slug":"castelo-forte-2026","status":"publish","type":"product","link":"https:\/\/www.livrariarema.com.br\/loja\/produtos\/livros\/devocional\/castelo-forte-2026\/","title":{"rendered":"Castelo Forte &#8211; 2026"},"content":{"rendered":"<p>S\u00e3o 365 leituras b\u00edblicas, mensagens e ora\u00e7\u00f5es para fortalecer a espiritualidade, encorajar, consolar e ensinar sobre o amor, a gra\u00e7a e a miseric\u00f3rdia de Deus.<\/p>\n","protected":false},"excerpt":{"rendered":"<p>S\u00e3o 365 leituras b\u00edblicas, mensagens e ora\u00e7\u00f5es para fortalecer a espiritualidade, encorajar, consolar e ensinar sobre o amor, a gra\u00e7a&hellip;<\/p>\n","protected":false},"featured_media":345504,"comment_status":"open","ping_status":"closed","template":"","meta":[],"product_cat":[158,134],"product_tag":[],"_links":{"self":[{"href":"https:\/\/www.livrariarema.com.br\/loja\/wp-json\/wp\/v2\/product\/336585"}],"collection":[{"href":"https:\/\/www.livrariarema.com.br\/loja\/wp-json\/wp\/v2\/product"}],"about":[{"href":"https:\/\/www.livrariarema.com.br\/loja\/wp-json\/wp\/v2\/types\/product"}],"replies":[{"embeddable":true,"href":"https:\/\/www.livrariarema.com.br\/loja\/wp-json\/wp\/v2\/comments?post=336585"}],"wp:featuredmedia":[{"embeddable":true,"href":"https:\/\/www.livrariarema.com.br\/loja\/wp-json\/wp\/v2\/media\/345504"}],"wp:attachment":[{"href":"https:\/\/www.livrariarema.com.br\/loja\/wp-json\/wp\/v2\/media?parent=336585"}],"wp:term":[{"taxonomy":"product_cat","embeddable":true,"href":"https:\/\/www.livrariarema.com.br\/loja\/wp-json\/wp\/v2\/product_cat?post=336585"},{"taxonomy":"product_tag","embeddable":true,"href":"https:\/\/www.livrariarema.com.br\/loja\/wp-json\/wp\/v2\/product_tag?post=336585"}],"curies":[{"name":"wp","href":"https:\/\/api.w.org\/{rel}","templated":true}]}}