{"id":336589,"date":"2025-09-11T16:15:28","date_gmt":"2025-09-11T19:15:28","guid":{"rendered":"https:\/\/www.livrariarema.com.br\/loja\/produtos\/sem categoria\/diario-de-leitura-disco-sobradinho-com-janela-80-folhas\/"},"modified":"2026-01-02T15:21:06","modified_gmt":"2026-01-02T18:21:06","slug":"diario-de-leitura-disco-sobradinho-com-janela-80-folhas","status":"publish","type":"product","link":"https:\/\/www.livrariarema.com.br\/loja\/produtos\/papelaria\/diario\/diario-de-leitura-disco-sobradinho-com-janela-80-folhas\/","title":{"rendered":"Di\u00e1rio De Leitura &#8211; Disco &#8211; Sobradinho Com Janela &#8211; 80 Folhas"},"content":{"rendered":"<p>Para quem ama livros e quer tornar cada leitura ainda mais especial!<\/p>\n<p>Nosso Di\u00e1rio de Leitura foi pensado para acompanhar sua jornada liter\u00e1ria de forma criativa e organizada. Com uma linda guarda ilustrada e espa\u00e7o para identifica\u00e7\u00e3o, ele permite que voc\u00ea:<\/p>\n<p>&#8211; Registre os livros da sua biblioteca<br \/>\n&#8211; Anote os t\u00edtulos que deseja ler<br \/>\n&#8211; Acompanhe os dias em que leu<br \/>\n&#8211; Colora um mapa com os pa\u00edses dos livros lidos<br \/>\n&#8211; Guarde suas cita\u00e7\u00f5es preferidas<br \/>\n&#8211; Registre informa\u00e7\u00f5es e percep\u00e7\u00f5es de cada leitura<\/p>\n","protected":false},"excerpt":{"rendered":"<p>Para quem ama livros e quer tornar cada leitura ainda mais especial! Nosso Di\u00e1rio de Leitura foi pensado para acompanhar&hellip;<\/p>\n","protected":false},"featured_media":336588,"comment_status":"open","ping_status":"closed","template":"","meta":[],"product_cat":[258,215],"product_tag":[],"_links":{"self":[{"href":"https:\/\/www.livrariarema.com.br\/loja\/wp-json\/wp\/v2\/product\/336589"}],"collection":[{"href":"https:\/\/www.livrariarema.com.br\/loja\/wp-json\/wp\/v2\/product"}],"about":[{"href":"https:\/\/www.livrariarema.com.br\/loja\/wp-json\/wp\/v2\/types\/product"}],"replies":[{"embeddable":true,"href":"https:\/\/www.livrariarema.com.br\/loja\/wp-json\/wp\/v2\/comments?post=336589"}],"wp:featuredmedia":[{"embeddable":true,"href":"https:\/\/www.livrariarema.com.br\/loja\/wp-json\/wp\/v2\/media\/336588"}],"wp:attachment":[{"href":"https:\/\/www.livrariarema.com.br\/loja\/wp-json\/wp\/v2\/media?parent=336589"}],"wp:term":[{"taxonomy":"product_cat","embeddable":true,"href":"https:\/\/www.livrariarema.com.br\/loja\/wp-json\/wp\/v2\/product_cat?post=336589"},{"taxonomy":"product_tag","embeddable":true,"href":"https:\/\/www.livrariarema.com.br\/loja\/wp-json\/wp\/v2\/product_tag?post=336589"}],"curies":[{"name":"wp","href":"https:\/\/api.w.org\/{rel}","templated":true}]}}