{"id":336605,"date":"2025-09-12T09:16:29","date_gmt":"2025-09-12T12:16:29","guid":{"rendered":"https:\/\/www.livrariarema.com.br\/loja\/?post_type=product&#038;p=336605"},"modified":"2026-01-28T09:28:31","modified_gmt":"2026-01-28T12:28:31","slug":"gotas-de-orvalho-2026","status":"publish","type":"product","link":"https:\/\/www.livrariarema.com.br\/loja\/produtos\/livros\/devocional\/gotas-de-orvalho-2026\/","title":{"rendered":"Gotas De Orvalho &#8211; 2026"},"content":{"rendered":"<p>O devocional Gotas de Orvalho,  \u00e9 uma colet\u00e2nea de medita\u00e7\u00f5es di\u00e1rias voltadas para o fortalecimento espiritual e a edifica\u00e7\u00e3o da f\u00e9 crist\u00e3.<\/p>\n<p>Cada texto traz uma reflex\u00e3o breve e objetiva, baseada nas Escrituras, comparada a &#8220;gotas&#8221; que refrescam e renovam a alma, assim como o orvalho faz com a terra pela manh\u00e3. O conte\u00fado busca oferecer encorajamento, consolo e orienta\u00e7\u00e3o pr\u00e1tica para o dia a dia, ajudando o leitor a manter um relacionamento constante com Deus.<\/p>\n<p>Com uma linguagem simples e acess\u00edvel, o devocional \u00e9 ideal para quem deseja momentos de espiritualidade em meio \u00e0 rotina, servindo como fonte di\u00e1ria de inspira\u00e7\u00e3o, ora\u00e7\u00e3o e crescimento na vida crist\u00e3.<\/p>\n","protected":false},"excerpt":{"rendered":"<p>O devocional Gotas de Orvalho, \u00e9 uma colet\u00e2nea de medita\u00e7\u00f5es di\u00e1rias voltadas para o fortalecimento espiritual e a edifica\u00e7\u00e3o da&hellip;<\/p>\n","protected":false},"featured_media":336926,"comment_status":"open","ping_status":"closed","template":"","meta":[],"product_cat":[158,134],"product_tag":[],"_links":{"self":[{"href":"https:\/\/www.livrariarema.com.br\/loja\/wp-json\/wp\/v2\/product\/336605"}],"collection":[{"href":"https:\/\/www.livrariarema.com.br\/loja\/wp-json\/wp\/v2\/product"}],"about":[{"href":"https:\/\/www.livrariarema.com.br\/loja\/wp-json\/wp\/v2\/types\/product"}],"replies":[{"embeddable":true,"href":"https:\/\/www.livrariarema.com.br\/loja\/wp-json\/wp\/v2\/comments?post=336605"}],"wp:featuredmedia":[{"embeddable":true,"href":"https:\/\/www.livrariarema.com.br\/loja\/wp-json\/wp\/v2\/media\/336926"}],"wp:attachment":[{"href":"https:\/\/www.livrariarema.com.br\/loja\/wp-json\/wp\/v2\/media?parent=336605"}],"wp:term":[{"taxonomy":"product_cat","embeddable":true,"href":"https:\/\/www.livrariarema.com.br\/loja\/wp-json\/wp\/v2\/product_cat?post=336605"},{"taxonomy":"product_tag","embeddable":true,"href":"https:\/\/www.livrariarema.com.br\/loja\/wp-json\/wp\/v2\/product_tag?post=336605"}],"curies":[{"name":"wp","href":"https:\/\/api.w.org\/{rel}","templated":true}]}}