{"id":336863,"date":"2025-09-17T08:24:50","date_gmt":"2025-09-17T11:24:50","guid":{"rendered":"https:\/\/www.livrariarema.com.br\/loja\/produtos\/sem categoria\/ecobag-35-x-40-olhai-os-lirios-dos-campos\/"},"modified":"2026-05-04T11:30:48","modified_gmt":"2026-05-04T14:30:48","slug":"ecobag-35-x-40-olhai-os-lirios-dos-campos","status":"publish","type":"product","link":"https:\/\/www.livrariarema.com.br\/loja\/produtos\/papelaria-crista\/ecobag-papelaria-crista\/ecobag-35-x-40-olhai-os-lirios-dos-campos\/","title":{"rendered":"Ecobag &#8211; 35 X 40 &#8211; Olhai Os L\u00edrios Dos Campos"},"content":{"rendered":"<p>Ecobag de algod\u00e3o 35x40cm + Al\u00e7a<\/p>\n","protected":false},"excerpt":{"rendered":"<p>Ecobag de algod\u00e3o 35x40cm + Al\u00e7a<\/p>\n","protected":false},"featured_media":347037,"comment_status":"open","ping_status":"closed","template":"","meta":[],"product_cat":[331,322],"product_tag":[],"_links":{"self":[{"href":"https:\/\/www.livrariarema.com.br\/loja\/wp-json\/wp\/v2\/product\/336863"}],"collection":[{"href":"https:\/\/www.livrariarema.com.br\/loja\/wp-json\/wp\/v2\/product"}],"about":[{"href":"https:\/\/www.livrariarema.com.br\/loja\/wp-json\/wp\/v2\/types\/product"}],"replies":[{"embeddable":true,"href":"https:\/\/www.livrariarema.com.br\/loja\/wp-json\/wp\/v2\/comments?post=336863"}],"wp:featuredmedia":[{"embeddable":true,"href":"https:\/\/www.livrariarema.com.br\/loja\/wp-json\/wp\/v2\/media\/347037"}],"wp:attachment":[{"href":"https:\/\/www.livrariarema.com.br\/loja\/wp-json\/wp\/v2\/media?parent=336863"}],"wp:term":[{"taxonomy":"product_cat","embeddable":true,"href":"https:\/\/www.livrariarema.com.br\/loja\/wp-json\/wp\/v2\/product_cat?post=336863"},{"taxonomy":"product_tag","embeddable":true,"href":"https:\/\/www.livrariarema.com.br\/loja\/wp-json\/wp\/v2\/product_tag?post=336863"}],"curies":[{"name":"wp","href":"https:\/\/api.w.org\/{rel}","templated":true}]}}