{"id":336870,"date":"2025-09-17T08:25:56","date_gmt":"2025-09-17T11:25:56","guid":{"rendered":"https:\/\/www.livrariarema.com.br\/loja\/produtos\/sem%20categoria\/saquinho-de-algodao-ele-deixou-as-99-para-me-encontrar\/"},"modified":"2026-04-20T13:31:45","modified_gmt":"2026-04-20T16:31:45","slug":"saquinho-de-algodao-ele-deixou-as-99-para-me-encontrar","status":"publish","type":"product","link":"https:\/\/www.livrariarema.com.br\/loja\/produtos\/papelaria-crista\/ecobag-papelaria-crista\/saquinho-de-algodao-ele-deixou-as-99-para-me-encontrar\/","title":{"rendered":"Saquinho De Algod\u00e3o &#8211; 25 X 30 &#8211; Ele Deixou As 99 Para Me Encontrar"},"content":{"rendered":"<p>Saquinho de algod\u00e3o com cord\u00e3o para fechar &#8211; 25x30cm<\/p>\n","protected":false},"excerpt":{"rendered":"<p>Saquinho de algod\u00e3o com cord\u00e3o para fechar &#8211; 25x30cm<\/p>\n","protected":false},"featured_media":347038,"comment_status":"open","ping_status":"closed","template":"","meta":[],"product_cat":[331,322],"product_tag":[],"_links":{"self":[{"href":"https:\/\/www.livrariarema.com.br\/loja\/wp-json\/wp\/v2\/product\/336870"}],"collection":[{"href":"https:\/\/www.livrariarema.com.br\/loja\/wp-json\/wp\/v2\/product"}],"about":[{"href":"https:\/\/www.livrariarema.com.br\/loja\/wp-json\/wp\/v2\/types\/product"}],"replies":[{"embeddable":true,"href":"https:\/\/www.livrariarema.com.br\/loja\/wp-json\/wp\/v2\/comments?post=336870"}],"wp:featuredmedia":[{"embeddable":true,"href":"https:\/\/www.livrariarema.com.br\/loja\/wp-json\/wp\/v2\/media\/347038"}],"wp:attachment":[{"href":"https:\/\/www.livrariarema.com.br\/loja\/wp-json\/wp\/v2\/media?parent=336870"}],"wp:term":[{"taxonomy":"product_cat","embeddable":true,"href":"https:\/\/www.livrariarema.com.br\/loja\/wp-json\/wp\/v2\/product_cat?post=336870"},{"taxonomy":"product_tag","embeddable":true,"href":"https:\/\/www.livrariarema.com.br\/loja\/wp-json\/wp\/v2\/product_tag?post=336870"}],"curies":[{"name":"wp","href":"https:\/\/api.w.org\/{rel}","templated":true}]}}