{"id":337246,"date":"2025-09-18T13:42:35","date_gmt":"2025-09-18T16:42:35","guid":{"rendered":"https:\/\/www.livrariarema.com.br\/loja\/produtos\/sem categoria\/na83p-passos-biblia-da-familia-100-passos-capa-dura-ilustrada\/"},"modified":"2026-03-18T16:00:52","modified_gmt":"2026-03-18T19:00:52","slug":"na83p-passos-biblia-da-familia-100-passos-capa-dura-ilustrada","status":"publish","type":"product","link":"https:\/\/www.livrariarema.com.br\/loja\/produtos\/biblias\/ntlh\/na83p-passos-biblia-da-familia-100-passos-capa-dura-ilustrada\/","title":{"rendered":"Na83p-Passos &#8211; B\u00edblia Da Fam\u00edlia &#8211; 100 Passos &#8211; Capa Dura &#8211; Ilustrada"},"content":{"rendered":"<p>A B\u00edblia da Fam\u00edlia em 100 Passos foi desenvolvida especialmente para crian\u00e7as entre 8 e 12 anos de idade. Atrav\u00e9s dos 100 passos, a sua fam\u00edlia poder\u00e1 estudar a B\u00edblia em conjunto.   Cada passo cont\u00e9m os seguintes componentes: <br \/>\n&#8211; Uma passagem da B\u00edblia para ler; <br \/>\n&#8211; Uma ilustra\u00e7\u00e3o para observar e discutir; <br \/>\n&#8211; Uma atividade ou algo em que meditar; <br \/>\n&#8211; Perguntas para reflex\u00e3o e di\u00e1logo; <br \/>\n&#8211; Fatos acerca do contexto b\u00edblico.<\/p>\n","protected":false},"excerpt":{"rendered":"<p>A B\u00edblia da Fam\u00edlia em 100 Passos foi desenvolvida especialmente para crian\u00e7as entre 8 e 12 anos de idade. Atrav\u00e9s&hellip;<\/p>\n","protected":false},"featured_media":337245,"comment_status":"open","ping_status":"closed","template":"","meta":[],"product_cat":[139,188],"product_tag":[],"_links":{"self":[{"href":"https:\/\/www.livrariarema.com.br\/loja\/wp-json\/wp\/v2\/product\/337246"}],"collection":[{"href":"https:\/\/www.livrariarema.com.br\/loja\/wp-json\/wp\/v2\/product"}],"about":[{"href":"https:\/\/www.livrariarema.com.br\/loja\/wp-json\/wp\/v2\/types\/product"}],"replies":[{"embeddable":true,"href":"https:\/\/www.livrariarema.com.br\/loja\/wp-json\/wp\/v2\/comments?post=337246"}],"wp:featuredmedia":[{"embeddable":true,"href":"https:\/\/www.livrariarema.com.br\/loja\/wp-json\/wp\/v2\/media\/337245"}],"wp:attachment":[{"href":"https:\/\/www.livrariarema.com.br\/loja\/wp-json\/wp\/v2\/media?parent=337246"}],"wp:term":[{"taxonomy":"product_cat","embeddable":true,"href":"https:\/\/www.livrariarema.com.br\/loja\/wp-json\/wp\/v2\/product_cat?post=337246"},{"taxonomy":"product_tag","embeddable":true,"href":"https:\/\/www.livrariarema.com.br\/loja\/wp-json\/wp\/v2\/product_tag?post=337246"}],"curies":[{"name":"wp","href":"https:\/\/api.w.org\/{rel}","templated":true}]}}