{"id":337308,"date":"2025-09-22T08:48:54","date_gmt":"2025-09-22T11:48:54","guid":{"rendered":"https:\/\/www.livrariarema.com.br\/loja\/produtos\/sem categoria\/calendario-2026-rema-com-base-de-mdf-14x22cm-vida-com-deus\/"},"modified":"2026-03-31T13:50:57","modified_gmt":"2026-03-31T16:50:57","slug":"calendario-2026-rema-com-base-de-mdf-14x22cm-vida-com-deus","status":"publish","type":"product","link":"https:\/\/www.livrariarema.com.br\/loja\/produtos\/papelaria-crista\/calendario-papelaria-crista\/calendario-2026-rema-com-base-de-mdf-14x22cm-vida-com-deus\/","title":{"rendered":"Calend\u00e1rio 2026 &#8211; Rema &#8211; Com Base De Mdf &#8211; 14X22cm &#8211; Vida Com Deus"},"content":{"rendered":"<p>O Calend\u00e1rio Vida com Deus com base em MDF, foi planejado para cada m\u00eas representar a trajet\u00f3ria espiritual do Crist\u00e3o durante sua vida.<\/p>\n<p>Mais do que itens de papelaria, s\u00e3o ferramentas para te ajudar a acalmar<br \/>\na alma, ouvir a voz de Deus e viver com inten\u00e7\u00e3o.<\/p>\n","protected":false},"excerpt":{"rendered":"<p>O Calend\u00e1rio Vida com Deus com base em MDF, foi planejado para cada m\u00eas representar a trajet\u00f3ria espiritual do Crist\u00e3o&hellip;<\/p>\n","protected":false},"featured_media":343529,"comment_status":"open","ping_status":"closed","template":"","meta":[],"product_cat":[334,322],"product_tag":[],"_links":{"self":[{"href":"https:\/\/www.livrariarema.com.br\/loja\/wp-json\/wp\/v2\/product\/337308"}],"collection":[{"href":"https:\/\/www.livrariarema.com.br\/loja\/wp-json\/wp\/v2\/product"}],"about":[{"href":"https:\/\/www.livrariarema.com.br\/loja\/wp-json\/wp\/v2\/types\/product"}],"replies":[{"embeddable":true,"href":"https:\/\/www.livrariarema.com.br\/loja\/wp-json\/wp\/v2\/comments?post=337308"}],"wp:featuredmedia":[{"embeddable":true,"href":"https:\/\/www.livrariarema.com.br\/loja\/wp-json\/wp\/v2\/media\/343529"}],"wp:attachment":[{"href":"https:\/\/www.livrariarema.com.br\/loja\/wp-json\/wp\/v2\/media?parent=337308"}],"wp:term":[{"taxonomy":"product_cat","embeddable":true,"href":"https:\/\/www.livrariarema.com.br\/loja\/wp-json\/wp\/v2\/product_cat?post=337308"},{"taxonomy":"product_tag","embeddable":true,"href":"https:\/\/www.livrariarema.com.br\/loja\/wp-json\/wp\/v2\/product_tag?post=337308"}],"curies":[{"name":"wp","href":"https:\/\/api.w.org\/{rel}","templated":true}]}}