{"id":337548,"date":"2025-09-22T09:55:26","date_gmt":"2025-09-22T12:55:26","guid":{"rendered":"https:\/\/www.livrariarema.com.br\/loja\/produtos\/sem categoria\/na065lgz-biblia-letra-grande-ziper-luxo-hot-cruz\/"},"modified":"2025-10-28T16:14:39","modified_gmt":"2025-10-28T19:14:39","slug":"na065lgz-biblia-letra-grande-ziper-luxo-hot-cruz","status":"publish","type":"product","link":"https:\/\/www.livrariarema.com.br\/loja\/produtos\/biblias\/nova-almeida-atualizada\/na065lgz-biblia-letra-grande-ziper-luxo-hot-cruz\/","title":{"rendered":"Na065lgz &#8211; B\u00edblia &#8211; Letra Grande &#8211; Z\u00edper &#8211; Luxo Hot Cruz"},"content":{"rendered":"<p>Desfrute de uma leitura mais confort\u00e1vel com esta B\u00edblia em LETRA GRANDE, ideal para longos per\u00edodos de estudo e medita\u00e7\u00e3o.<\/p>\n<p> RECURSOS ESPECIAIS:<br \/>\nLetra Grande para leitura facilitada<br \/>\nVis\u00e3o Geral da B\u00edblia<br \/>\nConte\u00fado da B\u00edblia<br \/>\nLeitura Cronol\u00f3gica da B\u00edblia<br \/>\nUm guia para os principais acontecimentos, personagens e temas da B\u00edblia<br \/>\nComo encontrar ajuda na B\u00edblia<br \/>\nLeitura para dias especiais<\/p>\n","protected":false},"excerpt":{"rendered":"<p>Desfrute de uma leitura mais confort\u00e1vel com esta B\u00edblia em LETRA GRANDE, ideal para longos per\u00edodos de estudo e medita\u00e7\u00e3o.&hellip;<\/p>\n","protected":false},"featured_media":338434,"comment_status":"open","ping_status":"closed","template":"","meta":[],"product_cat":[139,174],"product_tag":[],"_links":{"self":[{"href":"https:\/\/www.livrariarema.com.br\/loja\/wp-json\/wp\/v2\/product\/337548"}],"collection":[{"href":"https:\/\/www.livrariarema.com.br\/loja\/wp-json\/wp\/v2\/product"}],"about":[{"href":"https:\/\/www.livrariarema.com.br\/loja\/wp-json\/wp\/v2\/types\/product"}],"replies":[{"embeddable":true,"href":"https:\/\/www.livrariarema.com.br\/loja\/wp-json\/wp\/v2\/comments?post=337548"}],"wp:featuredmedia":[{"embeddable":true,"href":"https:\/\/www.livrariarema.com.br\/loja\/wp-json\/wp\/v2\/media\/338434"}],"wp:attachment":[{"href":"https:\/\/www.livrariarema.com.br\/loja\/wp-json\/wp\/v2\/media?parent=337548"}],"wp:term":[{"taxonomy":"product_cat","embeddable":true,"href":"https:\/\/www.livrariarema.com.br\/loja\/wp-json\/wp\/v2\/product_cat?post=337548"},{"taxonomy":"product_tag","embeddable":true,"href":"https:\/\/www.livrariarema.com.br\/loja\/wp-json\/wp\/v2\/product_tag?post=337548"}],"curies":[{"name":"wp","href":"https:\/\/api.w.org\/{rel}","templated":true}]}}