{"id":337809,"date":"2025-09-22T14:14:20","date_gmt":"2025-09-22T17:14:20","guid":{"rendered":"https:\/\/www.livrariarema.com.br\/loja\/produtos\/sem categoria\/ra63m-biblia-letra-normal-capa-dura-rose\/"},"modified":"2026-02-20T16:30:45","modified_gmt":"2026-02-20T19:30:45","slug":"ra63m-biblia-letra-normal-capa-dura-rose","status":"publish","type":"product","link":"https:\/\/www.livrariarema.com.br\/loja\/produtos\/biblias\/nova-almeida-atualizada\/ra63m-biblia-letra-normal-capa-dura-rose\/","title":{"rendered":"Ra63m &#8211; B\u00edblia &#8211; Letra Normal &#8211; Capa Dura &#8211; Ros\u00ea"},"content":{"rendered":"<p>B\u00edblia Sagrada &#8211; Letra Regular &#8211; Almeida Revista e Atualizada (ARA)<br \/>\nDescubra a Palavra de Deus de forma clara e acess\u00edvel com esta edi\u00e7\u00e3o especial da B\u00edblia Sagrada.<\/p>\n<p>Cont\u00e9m:<br \/>\nConcord\u00e2ncia tem\u00e1tica abreviada<br \/>\nCronologia b\u00edblica<br \/>\nPlano anual de leitura da B\u00edblia<br \/>\nPalavras de orienta\u00e7\u00e3o e consolo<br \/>\nMapas<\/p>\n","protected":false},"excerpt":{"rendered":"<p>B\u00edblia Sagrada &#8211; Letra Regular &#8211; Almeida Revista e Atualizada (ARA) Descubra a Palavra de Deus de forma clara e&hellip;<\/p>\n","protected":false},"featured_media":338453,"comment_status":"open","ping_status":"closed","template":"","meta":[],"product_cat":[139,174],"product_tag":[],"_links":{"self":[{"href":"https:\/\/www.livrariarema.com.br\/loja\/wp-json\/wp\/v2\/product\/337809"}],"collection":[{"href":"https:\/\/www.livrariarema.com.br\/loja\/wp-json\/wp\/v2\/product"}],"about":[{"href":"https:\/\/www.livrariarema.com.br\/loja\/wp-json\/wp\/v2\/types\/product"}],"replies":[{"embeddable":true,"href":"https:\/\/www.livrariarema.com.br\/loja\/wp-json\/wp\/v2\/comments?post=337809"}],"wp:featuredmedia":[{"embeddable":true,"href":"https:\/\/www.livrariarema.com.br\/loja\/wp-json\/wp\/v2\/media\/338453"}],"wp:attachment":[{"href":"https:\/\/www.livrariarema.com.br\/loja\/wp-json\/wp\/v2\/media?parent=337809"}],"wp:term":[{"taxonomy":"product_cat","embeddable":true,"href":"https:\/\/www.livrariarema.com.br\/loja\/wp-json\/wp\/v2\/product_cat?post=337809"},{"taxonomy":"product_tag","embeddable":true,"href":"https:\/\/www.livrariarema.com.br\/loja\/wp-json\/wp\/v2\/product_tag?post=337809"}],"curies":[{"name":"wp","href":"https:\/\/api.w.org\/{rel}","templated":true}]}}