{"id":337811,"date":"2025-09-22T14:14:31","date_gmt":"2025-09-22T17:14:31","guid":{"rendered":"https:\/\/www.livrariarema.com.br\/loja\/produtos\/sem categoria\/na065lsgilv-biblia-letra-supergigante-luxo-azul-e-rosa\/"},"modified":"2026-03-03T17:00:42","modified_gmt":"2026-03-03T20:00:42","slug":"na065lsgilv-biblia-letra-supergigante-luxo-azul-e-rosa","status":"publish","type":"product","link":"https:\/\/www.livrariarema.com.br\/loja\/produtos\/biblias\/nova-almeida-atualizada\/na065lsgilv-biblia-letra-supergigante-luxo-azul-e-rosa\/","title":{"rendered":"Na065lsgilv &#8211; B\u00edblia Letra Supergigante &#8211; Luxo Azul E Rosa"},"content":{"rendered":"<p>Experimente uma leitura confort\u00e1vel e sem esfor\u00e7o com esta B\u00edblia em LETRA SUPERGIGANTE, especialmente desenvolvida para proporcionar m\u00e1ximo conforto visual.<\/p>\n<p>RECURSOS ESPECIAIS:<\/p>\n<p>Letra SuperGigante para leitura facilitada<br \/>\nComo navegar na B\u00edblia<br \/>\nConte\u00fado da B\u00edblia<br \/>\nComo encontrar ajuda na B\u00edblia<br \/>\nLeituras para dias especiais<br \/>\nPlano de evangeliza\u00e7\u00e3o pessoal<br \/>\nO que a B\u00edblia diz sobre o perd\u00e3o de Deus<br \/>\nMapas<\/p>\n","protected":false},"excerpt":{"rendered":"<p>Experimente uma leitura confort\u00e1vel e sem esfor\u00e7o com esta B\u00edblia em LETRA SUPERGIGANTE, especialmente desenvolvida para proporcionar m\u00e1ximo conforto visual.&hellip;<\/p>\n","protected":false},"featured_media":343967,"comment_status":"open","ping_status":"closed","template":"","meta":[],"product_cat":[139,174],"product_tag":[],"_links":{"self":[{"href":"https:\/\/www.livrariarema.com.br\/loja\/wp-json\/wp\/v2\/product\/337811"}],"collection":[{"href":"https:\/\/www.livrariarema.com.br\/loja\/wp-json\/wp\/v2\/product"}],"about":[{"href":"https:\/\/www.livrariarema.com.br\/loja\/wp-json\/wp\/v2\/types\/product"}],"replies":[{"embeddable":true,"href":"https:\/\/www.livrariarema.com.br\/loja\/wp-json\/wp\/v2\/comments?post=337811"}],"wp:featuredmedia":[{"embeddable":true,"href":"https:\/\/www.livrariarema.com.br\/loja\/wp-json\/wp\/v2\/media\/343967"}],"wp:attachment":[{"href":"https:\/\/www.livrariarema.com.br\/loja\/wp-json\/wp\/v2\/media?parent=337811"}],"wp:term":[{"taxonomy":"product_cat","embeddable":true,"href":"https:\/\/www.livrariarema.com.br\/loja\/wp-json\/wp\/v2\/product_cat?post=337811"},{"taxonomy":"product_tag","embeddable":true,"href":"https:\/\/www.livrariarema.com.br\/loja\/wp-json\/wp\/v2\/product_tag?post=337811"}],"curies":[{"name":"wp","href":"https:\/\/api.w.org\/{rel}","templated":true}]}}