{"id":337814,"date":"2025-09-22T14:14:54","date_gmt":"2025-09-22T17:14:54","guid":{"rendered":"https:\/\/www.livrariarema.com.br\/loja\/produtos\/sem categoria\/tnl980pavj-livreto-aprendendo-a-viver-juntos\/"},"modified":"2026-01-29T15:54:41","modified_gmt":"2026-01-29T18:54:41","slug":"tnl980pavj-livreto-aprendendo-a-viver-juntos","status":"publish","type":"product","link":"https:\/\/www.livrariarema.com.br\/loja\/produtos\/livros\/infantil\/tnl980pavj-livreto-aprendendo-a-viver-juntos\/","title":{"rendered":"Tnl980pavj &#8211; Livreto &#8211; Aprendendo A Viver Juntos"},"content":{"rendered":"<p>Aprendendo a Viver JuntosUm livro especial para ensinar valores importantes desde cedo!<br \/>\nAprendendo a Viver Juntos traz hist\u00f3rias simples e bonitas que ajudam as crian\u00e7as a aprender valores que fazem parte de um bom car\u00e1ter. <br \/>\nAmizade<br \/>\nAmor<br \/>\nBondade<br \/>\nCoragem<br \/>\nF\u00e9<br \/>\nFidelidade<br \/>\nGratid\u00e3o<br \/>\nHumildade<br \/>\nObedi\u00eancia<br \/>\nPerd\u00e3o<br \/>\nCom desenhos coloridos e hist\u00f3rias tocantes, este livro \u00e9 \u00f3timo para ensinar valores de forma leve e f\u00e1cil.<\/p>\n","protected":false},"excerpt":{"rendered":"<p>Aprendendo a Viver JuntosUm livro especial para ensinar valores importantes desde cedo! Aprendendo a Viver Juntos traz hist\u00f3rias simples e&hellip;<\/p>\n","protected":false},"featured_media":343747,"comment_status":"open","ping_status":"closed","template":"","meta":[],"product_cat":[144,134],"product_tag":[],"_links":{"self":[{"href":"https:\/\/www.livrariarema.com.br\/loja\/wp-json\/wp\/v2\/product\/337814"}],"collection":[{"href":"https:\/\/www.livrariarema.com.br\/loja\/wp-json\/wp\/v2\/product"}],"about":[{"href":"https:\/\/www.livrariarema.com.br\/loja\/wp-json\/wp\/v2\/types\/product"}],"replies":[{"embeddable":true,"href":"https:\/\/www.livrariarema.com.br\/loja\/wp-json\/wp\/v2\/comments?post=337814"}],"wp:featuredmedia":[{"embeddable":true,"href":"https:\/\/www.livrariarema.com.br\/loja\/wp-json\/wp\/v2\/media\/343747"}],"wp:attachment":[{"href":"https:\/\/www.livrariarema.com.br\/loja\/wp-json\/wp\/v2\/media?parent=337814"}],"wp:term":[{"taxonomy":"product_cat","embeddable":true,"href":"https:\/\/www.livrariarema.com.br\/loja\/wp-json\/wp\/v2\/product_cat?post=337814"},{"taxonomy":"product_tag","embeddable":true,"href":"https:\/\/www.livrariarema.com.br\/loja\/wp-json\/wp\/v2\/product_tag?post=337814"}],"curies":[{"name":"wp","href":"https:\/\/api.w.org\/{rel}","templated":true}]}}