{"id":337819,"date":"2025-09-22T14:15:33","date_gmt":"2025-09-22T17:15:33","guid":{"rendered":"https:\/\/www.livrariarema.com.br\/loja\/produtos\/sem%20categoria\/ntlh063plblv-biblia-da-turma\/"},"modified":"2026-04-29T13:59:56","modified_gmt":"2026-04-29T16:59:56","slug":"ntlh063plblv-biblia-da-turma","status":"publish","type":"product","link":"https:\/\/www.livrariarema.com.br\/loja\/produtos\/biblias\/infantil-biblias\/ntlh063plblv-biblia-da-turma\/","title":{"rendered":"Ntlh063plblv &#8211; B\u00edblia Da Turma"},"content":{"rendered":"<p>A Sociedade B\u00edblica do Brasil, em parceria com a Turma da B\u00edblia, preparou uma B\u00edblia tem\u00e1tica repleta de surpresas. Ao longo de suas p\u00e1ginas, voc\u00ea encontrar\u00e1 ilustra\u00e7\u00f5es divertidas da Turminha, mapas mentais que explicam o conte\u00fado dos livros e uma novidade extraordin\u00e1ria.<\/p>\n<p>Voc\u00ea vai encontrar um encarte especial com mais de 80 m\u00fasicas inspiradas em personagens b\u00edblicos como Abra\u00e3o, Am\u00f3s, Ad\u00e3o, Apolo, Ageu, Ar\u00e3o, entre muitos outros. As m\u00fasicas s\u00e3o ideais para inspirar, facilitar a memoriza\u00e7\u00e3o e trazer alegria com a Palavra de Deus.<\/p>\n<p>Cada personagem vem acompanhado de um QR Code, que pode ser escaneado pelo celular para voc\u00ea ouvir a m\u00fasica em v\u00e1rios aplicativos e ainda em tr\u00eas idiomas (portugu\u00eas, espanhol e ingl\u00eas)! Basta apontar a c\u00e2mera para o c\u00f3digo, clicar em &#8220;abrir&#8221; e pronto: \u00e9 s\u00f3 aproveitar e se divertir!<\/p>\n<p>Detalhes:<br \/>\nLetras mai\u00fasculas<br \/>\nTextos coloridos<br \/>\nIntrodu\u00e7\u00e3o ilustrada com mapas mentais para cada livro<br \/>\nVocabul\u00e1rio<br \/>\nVis\u00e3o Geral da B\u00edblia<br \/>\nGuia para os principais acontecimentos, personagens e temas da B\u00edblia<br \/>\nUm ano com a B\u00edblia<br \/>\nLeitura cronol\u00f3gica da B\u00edblia<br \/>\nEncarte com QR Codes para m\u00fasicas<br \/>\nEncaderna\u00e7\u00e3o: capa dura ilustrada<br \/>\nImpress\u00e3o do miolo: colorido<\/p>\n","protected":false},"excerpt":{"rendered":"<p>A Sociedade B\u00edblica do Brasil, em parceria com a Turma da B\u00edblia, preparou uma B\u00edblia tem\u00e1tica repleta de surpresas. Ao&hellip;<\/p>\n","protected":false},"featured_media":347654,"comment_status":"open","ping_status":"closed","template":"","meta":[],"product_cat":[139,202],"product_tag":[],"_links":{"self":[{"href":"https:\/\/www.livrariarema.com.br\/loja\/wp-json\/wp\/v2\/product\/337819"}],"collection":[{"href":"https:\/\/www.livrariarema.com.br\/loja\/wp-json\/wp\/v2\/product"}],"about":[{"href":"https:\/\/www.livrariarema.com.br\/loja\/wp-json\/wp\/v2\/types\/product"}],"replies":[{"embeddable":true,"href":"https:\/\/www.livrariarema.com.br\/loja\/wp-json\/wp\/v2\/comments?post=337819"}],"wp:featuredmedia":[{"embeddable":true,"href":"https:\/\/www.livrariarema.com.br\/loja\/wp-json\/wp\/v2\/media\/347654"}],"wp:attachment":[{"href":"https:\/\/www.livrariarema.com.br\/loja\/wp-json\/wp\/v2\/media?parent=337819"}],"wp:term":[{"taxonomy":"product_cat","embeddable":true,"href":"https:\/\/www.livrariarema.com.br\/loja\/wp-json\/wp\/v2\/product_cat?post=337819"},{"taxonomy":"product_tag","embeddable":true,"href":"https:\/\/www.livrariarema.com.br\/loja\/wp-json\/wp\/v2\/product_tag?post=337819"}],"curies":[{"name":"wp","href":"https:\/\/api.w.org\/{rel}","templated":true}]}}