{"id":337821,"date":"2025-09-22T14:15:49","date_gmt":"2025-09-22T17:15:49","guid":{"rendered":"https:\/\/www.livrariarema.com.br\/loja\/produtos\/sem categoria\/ntlh063bet-biblia-extreme-teen-para-jovens-e-adolescentes-vinho\/"},"modified":"2025-09-29T15:04:49","modified_gmt":"2025-09-29T18:04:49","slug":"ntlh063bet-biblia-extreme-teen-para-jovens-e-adolescentes-vinho","status":"publish","type":"product","link":"https:\/\/www.livrariarema.com.br\/loja\/produtos\/biblias\/infantil-biblias\/ntlh063bet-biblia-extreme-teen-para-jovens-e-adolescentes-vinho\/","title":{"rendered":"Ntlh063bet &#8211; B\u00edblia Extreme Teen Para Jovens E Adolescentes &#8211; Vinho"},"content":{"rendered":"<p>Descubra a Palavra de Deus de forma clara e acess\u00edvel com esta edi\u00e7\u00e3o especial da B\u00edblia Sagrada.<\/p>\n<p> RECURSOS ESPECIAIS:<br \/>\nPerfil: oferece informa\u00e7\u00f5es especiais sobre pessoas que se destacaram como l\u00edderes e mudaram o mundo de sua \u00e9poca.<br \/>\nAplicativo para o mundo e Aplicativo para a vida: s\u00e3o quadros que ajudam o leitor a examinar quest\u00f5es do mundo real, a partir de uma perspectiva b\u00edblica.<br \/>\nMergulhando na palavra: s\u00e3o pequenas notas sobre palavras ou frases da B\u00edblia que podem n\u00e3o ser t\u00e3o \u00f3bvias como eram nos tempos b\u00edblicos.<br \/>\nPromessa: destaca as centenas de raz\u00f5es encontradas na B\u00edblia pelas quais se pode confiar em Deus.<br \/>\nFa\u00e7a acontecer: s\u00e3o artigos que ajudam o leitor a aplicar em sua vida o que est\u00e1 sendo lido.<br \/>\n\u00cdndice verdades b\u00edblicas: lista dos recursos dispon\u00edveis, por assunto.<br \/>\nBusca r\u00e1pida de refer\u00eancias b\u00edblicas: nesta se\u00e7\u00e3o, o leitor vai encontrar as repostas de Deus \u00e0s suas perguntas.<\/p>\n","protected":false},"excerpt":{"rendered":"<p>Descubra a Palavra de Deus de forma clara e acess\u00edvel com esta edi\u00e7\u00e3o especial da B\u00edblia Sagrada. RECURSOS ESPECIAIS: Perfil:&hellip;<\/p>\n","protected":false},"featured_media":338459,"comment_status":"open","ping_status":"closed","template":"","meta":[],"product_cat":[139,202],"product_tag":[],"_links":{"self":[{"href":"https:\/\/www.livrariarema.com.br\/loja\/wp-json\/wp\/v2\/product\/337821"}],"collection":[{"href":"https:\/\/www.livrariarema.com.br\/loja\/wp-json\/wp\/v2\/product"}],"about":[{"href":"https:\/\/www.livrariarema.com.br\/loja\/wp-json\/wp\/v2\/types\/product"}],"replies":[{"embeddable":true,"href":"https:\/\/www.livrariarema.com.br\/loja\/wp-json\/wp\/v2\/comments?post=337821"}],"wp:featuredmedia":[{"embeddable":true,"href":"https:\/\/www.livrariarema.com.br\/loja\/wp-json\/wp\/v2\/media\/338459"}],"wp:attachment":[{"href":"https:\/\/www.livrariarema.com.br\/loja\/wp-json\/wp\/v2\/media?parent=337821"}],"wp:term":[{"taxonomy":"product_cat","embeddable":true,"href":"https:\/\/www.livrariarema.com.br\/loja\/wp-json\/wp\/v2\/product_cat?post=337821"},{"taxonomy":"product_tag","embeddable":true,"href":"https:\/\/www.livrariarema.com.br\/loja\/wp-json\/wp\/v2\/product_tag?post=337821"}],"curies":[{"name":"wp","href":"https:\/\/api.w.org\/{rel}","templated":true}]}}