{"id":337825,"date":"2025-09-22T14:16:17","date_gmt":"2025-09-22T17:16:17","guid":{"rendered":"https:\/\/www.livrariarema.com.br\/loja\/produtos\/sem categoria\/na043lm-biblia-letra-maior-pink-tudo-posso-naquele\/"},"modified":"2026-02-19T10:04:43","modified_gmt":"2026-02-19T13:04:43","slug":"na043lm-biblia-letra-maior-pink-tudo-posso-naquele","status":"publish","type":"product","link":"https:\/\/www.livrariarema.com.br\/loja\/produtos\/biblias\/nova-almeida-atualizada\/na043lm-biblia-letra-maior-pink-tudo-posso-naquele\/","title":{"rendered":"Na043lm &#8211; B\u00edblia &#8211; Letra Maior &#8211; Pink &#8211; Tudo Posso Naquele"},"content":{"rendered":"<p>Descubra a Palavra de Deus de forma clara e acess\u00edvel com esta edi\u00e7\u00e3o especial da B\u00edblia Sagrada.<\/p>\n<p>RECURSOS ESPECIAIS:<br \/>\nB\u00edblia Sagrada: o livro da esperan\u00e7a<br \/>\nPalavra de Deus: base para a fam\u00edlia, a igreja e a sociedade<\/p>\n","protected":false},"excerpt":{"rendered":"<p>Descubra a Palavra de Deus de forma clara e acess\u00edvel com esta edi\u00e7\u00e3o especial da B\u00edblia Sagrada. RECURSOS ESPECIAIS: B\u00edblia&hellip;<\/p>\n","protected":false},"featured_media":343973,"comment_status":"open","ping_status":"closed","template":"","meta":[],"product_cat":[139,174],"product_tag":[],"_links":{"self":[{"href":"https:\/\/www.livrariarema.com.br\/loja\/wp-json\/wp\/v2\/product\/337825"}],"collection":[{"href":"https:\/\/www.livrariarema.com.br\/loja\/wp-json\/wp\/v2\/product"}],"about":[{"href":"https:\/\/www.livrariarema.com.br\/loja\/wp-json\/wp\/v2\/types\/product"}],"replies":[{"embeddable":true,"href":"https:\/\/www.livrariarema.com.br\/loja\/wp-json\/wp\/v2\/comments?post=337825"}],"wp:featuredmedia":[{"embeddable":true,"href":"https:\/\/www.livrariarema.com.br\/loja\/wp-json\/wp\/v2\/media\/343973"}],"wp:attachment":[{"href":"https:\/\/www.livrariarema.com.br\/loja\/wp-json\/wp\/v2\/media?parent=337825"}],"wp:term":[{"taxonomy":"product_cat","embeddable":true,"href":"https:\/\/www.livrariarema.com.br\/loja\/wp-json\/wp\/v2\/product_cat?post=337825"},{"taxonomy":"product_tag","embeddable":true,"href":"https:\/\/www.livrariarema.com.br\/loja\/wp-json\/wp\/v2\/product_tag?post=337825"}],"curies":[{"name":"wp","href":"https:\/\/api.w.org\/{rel}","templated":true}]}}