{"id":337833,"date":"2025-09-22T14:16:55","date_gmt":"2025-09-22T17:16:55","guid":{"rendered":"https:\/\/www.livrariarema.com.br\/loja\/produtos\/sem categoria\/na085lv-biblia-letra-normal-slim-luxo-preta\/"},"modified":"2025-09-29T15:05:25","modified_gmt":"2025-09-29T18:05:25","slug":"na085lv-biblia-letra-normal-slim-luxo-preta","status":"publish","type":"product","link":"https:\/\/www.livrariarema.com.br\/loja\/produtos\/biblias\/nova-almeida-atualizada\/na085lv-biblia-letra-normal-slim-luxo-preta\/","title":{"rendered":"Na085lv &#8211; B\u00edblia &#8211; Letra Normal &#8211; Slim &#8211; Luxo Preta"},"content":{"rendered":"<p>Descubra a Palavra de Deus de forma clara e acess\u00edvel com esta edi\u00e7\u00e3o especial da B\u00edblia Sagrada.<\/p>\n","protected":false},"excerpt":{"rendered":"<p>Descubra a Palavra de Deus de forma clara e acess\u00edvel com esta edi\u00e7\u00e3o especial da B\u00edblia Sagrada.<\/p>\n","protected":false},"featured_media":338465,"comment_status":"open","ping_status":"closed","template":"","meta":[],"product_cat":[139,174],"product_tag":[],"_links":{"self":[{"href":"https:\/\/www.livrariarema.com.br\/loja\/wp-json\/wp\/v2\/product\/337833"}],"collection":[{"href":"https:\/\/www.livrariarema.com.br\/loja\/wp-json\/wp\/v2\/product"}],"about":[{"href":"https:\/\/www.livrariarema.com.br\/loja\/wp-json\/wp\/v2\/types\/product"}],"replies":[{"embeddable":true,"href":"https:\/\/www.livrariarema.com.br\/loja\/wp-json\/wp\/v2\/comments?post=337833"}],"wp:featuredmedia":[{"embeddable":true,"href":"https:\/\/www.livrariarema.com.br\/loja\/wp-json\/wp\/v2\/media\/338465"}],"wp:attachment":[{"href":"https:\/\/www.livrariarema.com.br\/loja\/wp-json\/wp\/v2\/media?parent=337833"}],"wp:term":[{"taxonomy":"product_cat","embeddable":true,"href":"https:\/\/www.livrariarema.com.br\/loja\/wp-json\/wp\/v2\/product_cat?post=337833"},{"taxonomy":"product_tag","embeddable":true,"href":"https:\/\/www.livrariarema.com.br\/loja\/wp-json\/wp\/v2\/product_tag?post=337833"}],"curies":[{"name":"wp","href":"https:\/\/api.w.org\/{rel}","templated":true}]}}