{"id":337839,"date":"2025-09-22T14:17:19","date_gmt":"2025-09-22T17:17:19","guid":{"rendered":"https:\/\/www.livrariarema.com.br\/loja\/produtos\/sem categoria\/na63m-biblia-letra-normal-capa-dura-petroleo-leao\/"},"modified":"2026-02-11T14:10:43","modified_gmt":"2026-02-11T17:10:43","slug":"na63m-biblia-letra-normal-capa-dura-petroleo-leao","status":"publish","type":"product","link":"https:\/\/www.livrariarema.com.br\/loja\/produtos\/biblias\/nova-almeida-atualizada\/na63m-biblia-letra-normal-capa-dura-petroleo-leao\/","title":{"rendered":"Na63m &#8211; B\u00edblia &#8211; Letra Normal &#8211; Capa Dura &#8211; Petr\u00f3leo &#8211; Le\u00e3o"},"content":{"rendered":"<p>Essa edi\u00e7\u00e3o da B\u00edblia Sagrada cont\u00e9m texto b\u00edblico na tradu\u00e7\u00e3o Nova Almeida Atualizada, capa dura minimalista.<\/p>\n","protected":false},"excerpt":{"rendered":"<p>Essa edi\u00e7\u00e3o da B\u00edblia Sagrada cont\u00e9m texto b\u00edblico na tradu\u00e7\u00e3o Nova Almeida Atualizada, capa dura minimalista.<\/p>\n","protected":false},"featured_media":338468,"comment_status":"open","ping_status":"closed","template":"","meta":[],"product_cat":[139,174],"product_tag":[],"_links":{"self":[{"href":"https:\/\/www.livrariarema.com.br\/loja\/wp-json\/wp\/v2\/product\/337839"}],"collection":[{"href":"https:\/\/www.livrariarema.com.br\/loja\/wp-json\/wp\/v2\/product"}],"about":[{"href":"https:\/\/www.livrariarema.com.br\/loja\/wp-json\/wp\/v2\/types\/product"}],"replies":[{"embeddable":true,"href":"https:\/\/www.livrariarema.com.br\/loja\/wp-json\/wp\/v2\/comments?post=337839"}],"wp:featuredmedia":[{"embeddable":true,"href":"https:\/\/www.livrariarema.com.br\/loja\/wp-json\/wp\/v2\/media\/338468"}],"wp:attachment":[{"href":"https:\/\/www.livrariarema.com.br\/loja\/wp-json\/wp\/v2\/media?parent=337839"}],"wp:term":[{"taxonomy":"product_cat","embeddable":true,"href":"https:\/\/www.livrariarema.com.br\/loja\/wp-json\/wp\/v2\/product_cat?post=337839"},{"taxonomy":"product_tag","embeddable":true,"href":"https:\/\/www.livrariarema.com.br\/loja\/wp-json\/wp\/v2\/product_tag?post=337839"}],"curies":[{"name":"wp","href":"https:\/\/api.w.org\/{rel}","templated":true}]}}