{"id":337923,"date":"2025-09-22T14:25:47","date_gmt":"2025-09-22T17:25:47","guid":{"rendered":"https:\/\/www.livrariarema.com.br\/loja\/produtos\/sem categoria\/ntlh063bets-biblia-explicada-para-criancas-smilinguido-bailarina\/"},"modified":"2026-04-29T14:01:25","modified_gmt":"2026-04-29T17:01:25","slug":"ntlh063bets-biblia-explicada-para-criancas-smilinguido-bailarina","status":"publish","type":"product","link":"https:\/\/www.livrariarema.com.br\/loja\/produtos\/biblias\/infantil-biblias\/ntlh063bets-biblia-explicada-para-criancas-smilinguido-bailarina\/","title":{"rendered":"Ntlh063bets &#8211; B\u00edblia Explicada Para Crian\u00e7as &#8211; Smilinguido &#8211; Bailarina"},"content":{"rendered":"<p>Uma B\u00edblia feita especialmente para os pequenos! Com linguagem acess\u00edvel, explica\u00e7\u00f5es simples e recursos visuais encantadores, esta edi\u00e7\u00e3o ajuda as crian\u00e7as a compreenderem melhor as hist\u00f3rias e os ensinamentos da Palavra de Deus.<\/p>\n<p>RECURSOS ESPECIAIS:<br \/>\nTexto b\u00edblico completo na Nova Tradu\u00e7\u00e3o na Linguagem de Hoje (NTLH)<br \/>\nIntrodu\u00e7\u00f5es a cada livro com resumo do conte\u00fado<br \/>\nGPS: Notas geogr\u00e1ficas com curiosidades sobre os locais b\u00edblicos<br \/>\nN\u00e3o entendo!: Explica\u00e7\u00f5es culturais, hist\u00f3ricas e teol\u00f3gicas em linguagem simples<br \/>\nQue nome \u00e9 esse? Significados dos nomes e papel dos personagens b\u00edblicos<br \/>\nVoc\u00ea j\u00e1 aprendeu? Perguntas interativas para fixa\u00e7\u00e3o de conte\u00fado<br \/>\nE ent\u00e3o? Reflex\u00f5es finais ap\u00f3s cada livro, com aplica\u00e7\u00e3o pr\u00e1tica<\/p>\n","protected":false},"excerpt":{"rendered":"<p>Uma B\u00edblia feita especialmente para os pequenos! Com linguagem acess\u00edvel, explica\u00e7\u00f5es simples e recursos visuais encantadores, esta edi\u00e7\u00e3o ajuda as&hellip;<\/p>\n","protected":false},"featured_media":347680,"comment_status":"open","ping_status":"closed","template":"","meta":[],"product_cat":[139,202],"product_tag":[],"_links":{"self":[{"href":"https:\/\/www.livrariarema.com.br\/loja\/wp-json\/wp\/v2\/product\/337923"}],"collection":[{"href":"https:\/\/www.livrariarema.com.br\/loja\/wp-json\/wp\/v2\/product"}],"about":[{"href":"https:\/\/www.livrariarema.com.br\/loja\/wp-json\/wp\/v2\/types\/product"}],"replies":[{"embeddable":true,"href":"https:\/\/www.livrariarema.com.br\/loja\/wp-json\/wp\/v2\/comments?post=337923"}],"wp:featuredmedia":[{"embeddable":true,"href":"https:\/\/www.livrariarema.com.br\/loja\/wp-json\/wp\/v2\/media\/347680"}],"wp:attachment":[{"href":"https:\/\/www.livrariarema.com.br\/loja\/wp-json\/wp\/v2\/media?parent=337923"}],"wp:term":[{"taxonomy":"product_cat","embeddable":true,"href":"https:\/\/www.livrariarema.com.br\/loja\/wp-json\/wp\/v2\/product_cat?post=337923"},{"taxonomy":"product_tag","embeddable":true,"href":"https:\/\/www.livrariarema.com.br\/loja\/wp-json\/wp\/v2\/product_tag?post=337923"}],"curies":[{"name":"wp","href":"https:\/\/api.w.org\/{rel}","templated":true}]}}