{"id":337932,"date":"2025-09-22T14:41:52","date_gmt":"2025-09-22T17:41:52","guid":{"rendered":"https:\/\/www.livrariarema.com.br\/loja\/produtos\/sem categoria\/biblia-e-psique-ageu-h-lisboa-deborah-c-esquarcio-heliane-a-l-leitao\/"},"modified":"2025-12-05T10:30:50","modified_gmt":"2025-12-05T13:30:50","slug":"biblia-e-psique-ageu-h-lisboa-deborah-c-esquarcio-heliane-a-l-leitao","status":"publish","type":"product","link":"https:\/\/www.livrariarema.com.br\/loja\/produtos\/livros\/atualidades\/biblia-e-psique-ageu-h-lisboa-deborah-c-esquarcio-heliane-a-l-leitao\/","title":{"rendered":"B\u00edblia E Psique &#8211; Ageu H. Lisboa, Deborah C. Esquarcio, Heliane A. L. Leitao"},"content":{"rendered":"<p>B\u00cdBLIA &amp; PSIQUE re\u00fane uma preciosa sele\u00e7\u00e3o de textos de autoras e autores brasileiros que exploram diferentes quest\u00f5es sobre os processos ps\u00edquicos e a subjetividade do homem e da mulher diante do Mist\u00e9rio.<\/p>\n<p>Quais influ\u00eancias ou ra\u00edzes do sagrado podem ser encontradas nos pioneiros e precursores da psicologia e da psiquiatria? Qual a import\u00e2ncia delas para a escuta e a pr\u00e1tica cl\u00ednicas?<\/p>\n<p>B\u00edblia e Psique &#8211; marcas b\u00edblicas na psicologia e na psiquiatria coloca psic\u00f3logos e psiquiatras em di\u00e1logo, bem como aponta a presen\u00e7a religiosa na vida e obra dos grandes nomes da sa\u00fade mental, a influ\u00eancia que receberam das Escrituras e o que fizeram com tal heran\u00e7a.<\/p>\n","protected":false},"excerpt":{"rendered":"<p>B\u00cdBLIA &amp; PSIQUE re\u00fane uma preciosa sele\u00e7\u00e3o de textos de autoras e autores brasileiros que exploram diferentes quest\u00f5es sobre os&hellip;<\/p>\n","protected":false},"featured_media":338793,"comment_status":"open","ping_status":"closed","template":"","meta":[],"product_cat":[191,134],"product_tag":[],"_links":{"self":[{"href":"https:\/\/www.livrariarema.com.br\/loja\/wp-json\/wp\/v2\/product\/337932"}],"collection":[{"href":"https:\/\/www.livrariarema.com.br\/loja\/wp-json\/wp\/v2\/product"}],"about":[{"href":"https:\/\/www.livrariarema.com.br\/loja\/wp-json\/wp\/v2\/types\/product"}],"replies":[{"embeddable":true,"href":"https:\/\/www.livrariarema.com.br\/loja\/wp-json\/wp\/v2\/comments?post=337932"}],"wp:featuredmedia":[{"embeddable":true,"href":"https:\/\/www.livrariarema.com.br\/loja\/wp-json\/wp\/v2\/media\/338793"}],"wp:attachment":[{"href":"https:\/\/www.livrariarema.com.br\/loja\/wp-json\/wp\/v2\/media?parent=337932"}],"wp:term":[{"taxonomy":"product_cat","embeddable":true,"href":"https:\/\/www.livrariarema.com.br\/loja\/wp-json\/wp\/v2\/product_cat?post=337932"},{"taxonomy":"product_tag","embeddable":true,"href":"https:\/\/www.livrariarema.com.br\/loja\/wp-json\/wp\/v2\/product_tag?post=337932"}],"curies":[{"name":"wp","href":"https:\/\/api.w.org\/{rel}","templated":true}]}}