{"id":338185,"date":"2025-09-24T16:37:08","date_gmt":"2025-09-24T19:37:08","guid":{"rendered":"https:\/\/www.livrariarema.com.br\/loja\/produtos\/sem categoria\/caneta-cis-bpx-gel-0-7mm-violeta\/"},"modified":"2026-03-02T10:20:51","modified_gmt":"2026-03-02T13:20:51","slug":"caneta-cis-bpx-gel-0-7mm-violeta","status":"publish","type":"product","link":"https:\/\/www.livrariarema.com.br\/loja\/produtos\/papelaria\/canetas\/caneta-cis-bpx-gel-0-7mm-violeta\/","title":{"rendered":"Caneta &#8211; Cis &#8211; Bpx &#8211; Gel &#8211; 0.7Mm &#8211; Violeta"},"content":{"rendered":"<p>A Caneta Cis BPX apresenta um desing moderno e um grip ergon\u00f4mico que proporciona uma escrita mais confort\u00e1vel e precisa. As canetas t\u00eam uma escrita macia e agrad\u00e1vel, permitindo uma experi\u00eancia de escrita suave e sem falhas.<\/p>\n<p>Registro Inmetro: 002 988\/2016<\/p>\n","protected":false},"excerpt":{"rendered":"<p>A Caneta Cis BPX apresenta um desing moderno e um grip ergon\u00f4mico que proporciona uma escrita mais confort\u00e1vel e precisa.&hellip;<\/p>\n","protected":false},"featured_media":338184,"comment_status":"open","ping_status":"closed","template":"","meta":[],"product_cat":[216,215],"product_tag":[],"_links":{"self":[{"href":"https:\/\/www.livrariarema.com.br\/loja\/wp-json\/wp\/v2\/product\/338185"}],"collection":[{"href":"https:\/\/www.livrariarema.com.br\/loja\/wp-json\/wp\/v2\/product"}],"about":[{"href":"https:\/\/www.livrariarema.com.br\/loja\/wp-json\/wp\/v2\/types\/product"}],"replies":[{"embeddable":true,"href":"https:\/\/www.livrariarema.com.br\/loja\/wp-json\/wp\/v2\/comments?post=338185"}],"wp:featuredmedia":[{"embeddable":true,"href":"https:\/\/www.livrariarema.com.br\/loja\/wp-json\/wp\/v2\/media\/338184"}],"wp:attachment":[{"href":"https:\/\/www.livrariarema.com.br\/loja\/wp-json\/wp\/v2\/media?parent=338185"}],"wp:term":[{"taxonomy":"product_cat","embeddable":true,"href":"https:\/\/www.livrariarema.com.br\/loja\/wp-json\/wp\/v2\/product_cat?post=338185"},{"taxonomy":"product_tag","embeddable":true,"href":"https:\/\/www.livrariarema.com.br\/loja\/wp-json\/wp\/v2\/product_tag?post=338185"}],"curies":[{"name":"wp","href":"https:\/\/api.w.org\/{rel}","templated":true}]}}