{"id":338225,"date":"2025-09-29T13:09:24","date_gmt":"2025-09-29T16:09:24","guid":{"rendered":"https:\/\/www.livrariarema.com.br\/loja\/produtos\/sem categoria\/biblia-de-estudos-e-sermoes-de-charles-h-spurgeon-rosa\/"},"modified":"2026-03-27T16:10:40","modified_gmt":"2026-03-27T19:10:40","slug":"biblia-de-estudos-e-sermoes-de-charles-h-spurgeon-rosa","status":"publish","type":"product","link":"https:\/\/www.livrariarema.com.br\/loja\/produtos\/biblias\/estudo\/biblia-de-estudos-e-sermoes-de-charles-h-spurgeon-rosa\/","title":{"rendered":"B\u00edblia De Estudos E Serm\u00f5es De Charles H. Spurgeon &#8211; Rosa"},"content":{"rendered":"<p>A B\u00edblia de estudos e serm\u00f5es de Charles Haddon Spurgeon \u00e9 in\u00e9dita no mundo! Quando a idealizamos n\u00e3o imagin\u00e1vamos o desafio que ter\u00edamos pela frente. N\u00e3o foi tarefa f\u00e1cil selecionar textos entre os mais de 3.000 excelentes serm\u00f5es de Charles Haddon Spurgeon (1834-92). Traduzi-los de forma a respeitar o estilo do autor e a comunicar claramente com o leitor brasileiro exigiu sensibilidade. Desta forma, essa B\u00edblia mencionar\u00e1 eventos contempor\u00e2neos a Spurgeon e as tecnologias ispon\u00edveis em sua \u00e9poca. Apesar de terem sido escritos h\u00e1 mais de um s\u00e9culo, as exorta\u00e7\u00f5es e as consola\u00e7\u00f5es conservam uma atualidade impressionante. Com algumas varia\u00e7\u00f5es, os dilemas enfrentados pelo povo de Deus, na contemporaneidade, s\u00e3o iguais \u00e0queles do s\u00e9culo 19.<\/p>\n<p>Durante todo o processo de sele\u00e7\u00e3o das por\u00e7\u00f5es que acompanham os textos b\u00edblicos da Nova Vers\u00e3o Transformadora (NVT) bem como dos 16 serm\u00f5es (na \u00edntegra) de Spurgeon, que comp\u00f5em a se\u00e7\u00e3o &#8220;Serm\u00f5es&#8221; da B\u00edblia de estudos e serm\u00f5es de Charles Haddon Spurgeon, procuramos abarcar os assuntos essenciais \u00e0 forma\u00e7\u00e3o do car\u00e1ter verdadeiramente crist\u00e3o: leitura b\u00edblica, relacionamento com Deus, fam\u00edlia, pol\u00edtica, o papel social do filho de Deus, relacionamentos interpessoais, vida na comunidade da f\u00e9, administra\u00e7\u00e3o financeira, entre outros.<\/p>\n<p>Mais de 800 coment\u00e1rios de autoria de  Charles H. Spurgeon  Introdu\u00e7\u00e3o aos livros b\u00edblicos contendo uma se\u00e7\u00e3o de exerc\u00edcios para estudo e discuss\u00e3o 16 serm\u00f5es completos de Charles H. Spurgeon Plano de leitura b\u00edblica anual<\/p>\n<p>Sobre o autor:<br \/>\nCharles H. Spurgeon, conhecido como &#8220;o pr\u00edncipe dos pregadores&#8221;, foi um dos maiores evangelistas do s\u00e9culo 19.<br \/>\nSpurgeon nasceu em 19 de junho de 1834, em Kelvedon, Inglaterra.<br \/>\nPublicou 3.561 serm\u00f5es e 135 livros, ao longo de seus 40 anos de minist\u00e9rio.<\/p>\n","protected":false},"excerpt":{"rendered":"<p>A B\u00edblia de estudos e serm\u00f5es de Charles Haddon Spurgeon \u00e9 in\u00e9dita no mundo! Quando a idealizamos n\u00e3o imagin\u00e1vamos o&hellip;<\/p>\n","protected":false},"featured_media":338224,"comment_status":"open","ping_status":"closed","template":"","meta":[],"product_cat":[139,140],"product_tag":[],"_links":{"self":[{"href":"https:\/\/www.livrariarema.com.br\/loja\/wp-json\/wp\/v2\/product\/338225"}],"collection":[{"href":"https:\/\/www.livrariarema.com.br\/loja\/wp-json\/wp\/v2\/product"}],"about":[{"href":"https:\/\/www.livrariarema.com.br\/loja\/wp-json\/wp\/v2\/types\/product"}],"replies":[{"embeddable":true,"href":"https:\/\/www.livrariarema.com.br\/loja\/wp-json\/wp\/v2\/comments?post=338225"}],"wp:featuredmedia":[{"embeddable":true,"href":"https:\/\/www.livrariarema.com.br\/loja\/wp-json\/wp\/v2\/media\/338224"}],"wp:attachment":[{"href":"https:\/\/www.livrariarema.com.br\/loja\/wp-json\/wp\/v2\/media?parent=338225"}],"wp:term":[{"taxonomy":"product_cat","embeddable":true,"href":"https:\/\/www.livrariarema.com.br\/loja\/wp-json\/wp\/v2\/product_cat?post=338225"},{"taxonomy":"product_tag","embeddable":true,"href":"https:\/\/www.livrariarema.com.br\/loja\/wp-json\/wp\/v2\/product_tag?post=338225"}],"curies":[{"name":"wp","href":"https:\/\/api.w.org\/{rel}","templated":true}]}}