{"id":338251,"date":"2025-09-29T13:12:43","date_gmt":"2025-09-29T16:12:43","guid":{"rendered":"https:\/\/www.livrariarema.com.br\/loja\/produtos\/sem categoria\/biblia-de-estudos-da-mulher-preta-pao-diario\/"},"modified":"2026-02-27T09:30:20","modified_gmt":"2026-02-27T12:30:20","slug":"biblia-de-estudos-da-mulher-preta-pao-diario","status":"publish","type":"product","link":"https:\/\/www.livrariarema.com.br\/loja\/produtos\/biblias\/estudo-feminina\/biblia-de-estudos-da-mulher-preta-pao-diario\/","title":{"rendered":"B\u00edblia De Estudos Da Mulher &#8211; Preta &#8211; P\u00e3o Di\u00e1rio"},"content":{"rendered":"<p>A B\u00edblia de estudos da Mulher apresenta conte\u00fado relevante aos desafios enfrentados pela mulher em sua viv\u00eancia em sociedade e, particularmente, na comunidade crist\u00e3. Busca provocar reflex\u00e3o em temas como: feminismo, aborto, abuso sexual e emocional, carreira, promiscuidade, div\u00f3rcio, entre outros. Tudo isso com s\u00f3lida base na Palavra de Deus e apresentando o Senhor Jesus como ponto central para a solu\u00e7\u00e3o dos dilemas e mazelas gerados pelo cotidiano.<\/p>\n<p>Excelente para a edifica\u00e7\u00e3o pessoal da mulher e para o aconselhamento e ensino de outros crist\u00e3os.<\/p>\n<p>Vers\u00e3o B\u00edblia: Nova Vers\u00e3o Transformadora (NVT)<br \/>\nIntrodu\u00e7\u00f5es aos livros da B\u00edblia<br \/>\nDevocionais P\u00e3o Di\u00e1rio<br \/>\nReflex\u00f5es sobre temas atuais do universo feminino<br \/>\nExtensos artigos sobre importantes mulheres da B\u00edblia<br \/>\nArtigo sobre o Per\u00edodo Intertestament\u00e1rio<br \/>\n5 Estudos b\u00edblicos que incluem exerc\u00edcios para serem resolvidos individualmente ou em grupo<br \/>\nPlanos de leitura b\u00edblica em um anos<\/p>\n","protected":false},"excerpt":{"rendered":"<p>A B\u00edblia de estudos da Mulher apresenta conte\u00fado relevante aos desafios enfrentados pela mulher em sua viv\u00eancia em sociedade e,&hellip;<\/p>\n","protected":false},"featured_media":338250,"comment_status":"open","ping_status":"closed","template":"","meta":[],"product_cat":[139,175],"product_tag":[],"_links":{"self":[{"href":"https:\/\/www.livrariarema.com.br\/loja\/wp-json\/wp\/v2\/product\/338251"}],"collection":[{"href":"https:\/\/www.livrariarema.com.br\/loja\/wp-json\/wp\/v2\/product"}],"about":[{"href":"https:\/\/www.livrariarema.com.br\/loja\/wp-json\/wp\/v2\/types\/product"}],"replies":[{"embeddable":true,"href":"https:\/\/www.livrariarema.com.br\/loja\/wp-json\/wp\/v2\/comments?post=338251"}],"wp:featuredmedia":[{"embeddable":true,"href":"https:\/\/www.livrariarema.com.br\/loja\/wp-json\/wp\/v2\/media\/338250"}],"wp:attachment":[{"href":"https:\/\/www.livrariarema.com.br\/loja\/wp-json\/wp\/v2\/media?parent=338251"}],"wp:term":[{"taxonomy":"product_cat","embeddable":true,"href":"https:\/\/www.livrariarema.com.br\/loja\/wp-json\/wp\/v2\/product_cat?post=338251"},{"taxonomy":"product_tag","embeddable":true,"href":"https:\/\/www.livrariarema.com.br\/loja\/wp-json\/wp\/v2\/product_tag?post=338251"}],"curies":[{"name":"wp","href":"https:\/\/api.w.org\/{rel}","templated":true}]}}