{"id":338476,"date":"2025-09-29T15:07:27","date_gmt":"2025-09-29T18:07:27","guid":{"rendered":"https:\/\/www.livrariarema.com.br\/loja\/produtos\/sem categoria\/biblia-nvi-letra-gigante-flores-rosa\/"},"modified":"2026-01-10T12:10:52","modified_gmt":"2026-01-10T15:10:52","slug":"biblia-nvi-letra-gigante-flores-rosa","status":"publish","type":"product","link":"https:\/\/www.livrariarema.com.br\/loja\/produtos\/biblias\/nvi\/biblia-nvi-letra-gigante-flores-rosa\/","title":{"rendered":"B\u00edblia &#8211; Nvi &#8211; Letra Gigante &#8211; Flores &#8211; Rosa"},"content":{"rendered":"<p>Esta \u00e9 a B\u00edblia Sagrada Flores Rosa &#8211; Letra Gigante com a vers\u00e3o NVI (Nova Vers\u00e3o Internacional), uma das mais modernas tradu\u00e7\u00f5es que valoriza a clareza do texto no Antigo e Novo Testamento, permanecendo fiel aos Escritos originais.  <\/p>\n<p>Proporciona ao leitor uma linguagem mais atual e fluente.  <\/p>\n<p>Capa dura impressa com lamina\u00e7\u00e3o soft touch (toque aveludado) e verniz UV reserva<br \/>\nMiolo NVI ND Gigante 2 cores, nova ortografia com papel Tervakoski 28 grs. <br \/>\nMiolo colorido com destaque em vermelho nas palavras de Jesus<br \/>\nFita de cetim para marcar as p\u00e1ginas<br \/>\nPanorama b\u00edblico<br \/>\nBreve resumo dos livros da B\u00edblia e contexto hist\u00f3rico<br \/>\nMapas coloridos do \u00caxodo ao minist\u00e9rio de Jesus<br \/>\nLetra Gigante<\/p>\n","protected":false},"excerpt":{"rendered":"<p>Esta \u00e9 a B\u00edblia Sagrada Flores Rosa &#8211; Letra Gigante com a vers\u00e3o NVI (Nova Vers\u00e3o Internacional), uma das mais&hellip;<\/p>\n","protected":false},"featured_media":338475,"comment_status":"open","ping_status":"closed","template":"","meta":[],"product_cat":[139,166],"product_tag":[],"_links":{"self":[{"href":"https:\/\/www.livrariarema.com.br\/loja\/wp-json\/wp\/v2\/product\/338476"}],"collection":[{"href":"https:\/\/www.livrariarema.com.br\/loja\/wp-json\/wp\/v2\/product"}],"about":[{"href":"https:\/\/www.livrariarema.com.br\/loja\/wp-json\/wp\/v2\/types\/product"}],"replies":[{"embeddable":true,"href":"https:\/\/www.livrariarema.com.br\/loja\/wp-json\/wp\/v2\/comments?post=338476"}],"wp:featuredmedia":[{"embeddable":true,"href":"https:\/\/www.livrariarema.com.br\/loja\/wp-json\/wp\/v2\/media\/338475"}],"wp:attachment":[{"href":"https:\/\/www.livrariarema.com.br\/loja\/wp-json\/wp\/v2\/media?parent=338476"}],"wp:term":[{"taxonomy":"product_cat","embeddable":true,"href":"https:\/\/www.livrariarema.com.br\/loja\/wp-json\/wp\/v2\/product_cat?post=338476"},{"taxonomy":"product_tag","embeddable":true,"href":"https:\/\/www.livrariarema.com.br\/loja\/wp-json\/wp\/v2\/product_tag?post=338476"}],"curies":[{"name":"wp","href":"https:\/\/api.w.org\/{rel}","templated":true}]}}