{"id":338494,"date":"2025-09-29T15:09:01","date_gmt":"2025-09-29T18:09:01","guid":{"rendered":"https:\/\/www.livrariarema.com.br\/loja\/produtos\/sem categoria\/biblia-nvi-leao-de-juda-2\/"},"modified":"2025-12-22T10:42:49","modified_gmt":"2025-12-22T13:42:49","slug":"biblia-nvi-leao-de-juda-2","status":"publish","type":"product","link":"https:\/\/www.livrariarema.com.br\/loja\/produtos\/biblias\/nvi\/biblia-nvi-leao-de-juda-2\/","title":{"rendered":"B\u00edblia &#8211; Nvi &#8211; Le\u00e3o De Jud\u00e1"},"content":{"rendered":"<p>A B\u00edblia Sagrada &#8211; NVI ir\u00e1 transformar sua maneira de estudar a Palavra de Deus, contendo uma linguagem clara, moderna e mais pr\u00f3xima da atualidade, sem perder a beleza do estilo da linguagem b\u00edblica.  <\/p>\n<p>O texto adotado \u00e9 a Nova Vers\u00e3o Internacional, uma tradu\u00e7\u00e3o contempor\u00e2nea das Escrituras que preserva a necess\u00e1ria fidedignidade aos originais sem abrir m\u00e3o da eleg\u00e2ncia de estilo e da necess\u00e1ria atualiza\u00e7\u00e3o de formas verbais, unidades de medida e pequenos detalhes &#8211; assim, o entendimento \u00e9 facilitado e pequenos detalhes s\u00e3o melhor percebidos.  <\/p>\n<p>O prop\u00f3sito dos idealizadores da NVI foi fazer um texto que se definisse por quatro elementos: precis\u00e3o, clareza, beleza de estilo e dignidade.  <\/p>\n<p>Cercada de elogios por conta do compromisso que conseguiu manter com os Escritos originais, esta vers\u00e3o da B\u00edblia j\u00e1 vendeu milh\u00f5es de exemplares nos \u00faltimos anos, e vem se popularizando cada vez mais.  <\/p>\n<p>&#8211; Capa dura<br \/>\n&#8211; Bordas arredondadas e em cor <br \/>\n&#8211; Vers\u00e3o b\u00edblica: Nova Vers\u00e3o Internacional (NVI) <br \/>\n&#8211; Fita de cetim para marcar as p\u00e1ginas <br \/>\n&#8211; Miolo colorido com destaque em vermelho nas palavras de Jesus <\/p>\n","protected":false},"excerpt":{"rendered":"<p>A B\u00edblia Sagrada &#8211; NVI ir\u00e1 transformar sua maneira de estudar a Palavra de Deus, contendo uma linguagem clara, moderna&hellip;<\/p>\n","protected":false},"featured_media":338493,"comment_status":"open","ping_status":"closed","template":"","meta":[],"product_cat":[139,166],"product_tag":[],"_links":{"self":[{"href":"https:\/\/www.livrariarema.com.br\/loja\/wp-json\/wp\/v2\/product\/338494"}],"collection":[{"href":"https:\/\/www.livrariarema.com.br\/loja\/wp-json\/wp\/v2\/product"}],"about":[{"href":"https:\/\/www.livrariarema.com.br\/loja\/wp-json\/wp\/v2\/types\/product"}],"replies":[{"embeddable":true,"href":"https:\/\/www.livrariarema.com.br\/loja\/wp-json\/wp\/v2\/comments?post=338494"}],"wp:featuredmedia":[{"embeddable":true,"href":"https:\/\/www.livrariarema.com.br\/loja\/wp-json\/wp\/v2\/media\/338493"}],"wp:attachment":[{"href":"https:\/\/www.livrariarema.com.br\/loja\/wp-json\/wp\/v2\/media?parent=338494"}],"wp:term":[{"taxonomy":"product_cat","embeddable":true,"href":"https:\/\/www.livrariarema.com.br\/loja\/wp-json\/wp\/v2\/product_cat?post=338494"},{"taxonomy":"product_tag","embeddable":true,"href":"https:\/\/www.livrariarema.com.br\/loja\/wp-json\/wp\/v2\/product_tag?post=338494"}],"curies":[{"name":"wp","href":"https:\/\/api.w.org\/{rel}","templated":true}]}}