{"id":338551,"date":"2025-09-29T15:17:22","date_gmt":"2025-09-29T18:17:22","guid":{"rendered":"https:\/\/www.livrariarema.com.br\/loja\/produtos\/sem categoria\/posso-falar-com-deus-debby-anderson\/"},"modified":"2025-11-24T13:22:36","modified_gmt":"2025-11-24T16:22:36","slug":"posso-falar-com-deus-debby-anderson","status":"publish","type":"product","link":"https:\/\/www.livrariarema.com.br\/loja\/produtos\/livros\/infantil\/posso-falar-com-deus-debby-anderson\/","title":{"rendered":"Posso Falar Com Deus &#8211; Debby Anderson"},"content":{"rendered":"<p>Deus deseja ter um relacionamento \u00edntimo e pessoal conosco. <br \/>\nAtrav\u00e9s de belas ilustra\u00e7\u00f5es e textos b\u00edblicos, a autora do livro Posso Falar com Deus traz li\u00e7\u00f5es pr\u00e1ticas de como, onde, quando e por que podemos e devemos falar com Deus. <br \/>\n\u00c9 um incentivo para os pequenos leitores, e adultos, desenvolverem uma atitude de comunica\u00e7\u00e3o constante com o nosso Salvador. <br \/>\nAssim como Ele fez as abelhas para zumbir, os flamingos para assoprar, os tigres para rugir, Deus fez as pessoas para falar especialmente com Ele. <br \/>\nAs crian\u00e7as tamb\u00e9m aprender\u00e3o que podem conversar com Deus em todos os lugares, at\u00e9 mesmo se um dia pisarem na lua.<\/p>\n","protected":false},"excerpt":{"rendered":"<p>Deus deseja ter um relacionamento \u00edntimo e pessoal conosco. Atrav\u00e9s de belas ilustra\u00e7\u00f5es e textos b\u00edblicos, a autora do livro&hellip;<\/p>\n","protected":false},"featured_media":338550,"comment_status":"open","ping_status":"closed","template":"","meta":[],"product_cat":[144,134],"product_tag":[],"_links":{"self":[{"href":"https:\/\/www.livrariarema.com.br\/loja\/wp-json\/wp\/v2\/product\/338551"}],"collection":[{"href":"https:\/\/www.livrariarema.com.br\/loja\/wp-json\/wp\/v2\/product"}],"about":[{"href":"https:\/\/www.livrariarema.com.br\/loja\/wp-json\/wp\/v2\/types\/product"}],"replies":[{"embeddable":true,"href":"https:\/\/www.livrariarema.com.br\/loja\/wp-json\/wp\/v2\/comments?post=338551"}],"wp:featuredmedia":[{"embeddable":true,"href":"https:\/\/www.livrariarema.com.br\/loja\/wp-json\/wp\/v2\/media\/338550"}],"wp:attachment":[{"href":"https:\/\/www.livrariarema.com.br\/loja\/wp-json\/wp\/v2\/media?parent=338551"}],"wp:term":[{"taxonomy":"product_cat","embeddable":true,"href":"https:\/\/www.livrariarema.com.br\/loja\/wp-json\/wp\/v2\/product_cat?post=338551"},{"taxonomy":"product_tag","embeddable":true,"href":"https:\/\/www.livrariarema.com.br\/loja\/wp-json\/wp\/v2\/product_tag?post=338551"}],"curies":[{"name":"wp","href":"https:\/\/api.w.org\/{rel}","templated":true}]}}