{"id":338553,"date":"2025-09-29T15:17:30","date_gmt":"2025-09-29T18:17:30","guid":{"rendered":"https:\/\/www.livrariarema.com.br\/loja\/produtos\/sem categoria\/posso-contar-com-deus-debby-anderson\/"},"modified":"2025-10-10T13:50:51","modified_gmt":"2025-10-10T16:50:51","slug":"posso-contar-com-deus-debby-anderson","status":"publish","type":"product","link":"https:\/\/www.livrariarema.com.br\/loja\/produtos\/livros\/infantil\/posso-contar-com-deus-debby-anderson\/","title":{"rendered":"Posso Contar Com Deus &#8211; Debby Anderson"},"content":{"rendered":"<p>No livro Posso Contar com Deus, da autora Debby Anderson, revela-nos que Deus tudo conhece! Ele sabe contar as grandes estrelas no c\u00e9u e tamb\u00e9m nossas pequeninas l\u00e1grimas. Ele tem grande amor e a Sua bondade prova o amor que sente por cada um de n\u00f3s. Quando compartilhamos a bondade do Senhor com os outros, tamb\u00e9m nos tornamos parecidos com Ele.<Br><br \/>\nAs crian\u00e7as n\u00e3o precisam aprender somente a contar aquilo que \u00e9 poss\u00edvel ver, tocar ou enumerar com as m\u00e3os. Precisam tamb\u00e9m descobrir que podem contar com Deus. <Br><br \/>\nMesmo os pequeninos gestos de bondade contam! O livro Posso Contar com Deus ajuda a crian\u00e7a a perceber que cada gesto de cuidado que tem pela natureza agrada a Deus e traz alegria a quem o pratica. Ao aprender o valor de suas a\u00e7\u00f5es, a crian\u00e7a descobre tamb\u00e9m como pode contar com a presen\u00e7a de Deus em seu andar di\u00e1rio. <br \/>\nO livro Posso Contar com Deus ensina a crian\u00e7a a perceber que a bondade divina tem muito valor. Ensina os n\u00fameros de maneira divertida. O livro Posso Contar com Deus \u00e9 um livro colorido, interessante e repleto de li\u00e7\u00f5es para demonstrar a gentileza e a confian\u00e7a em Deus. Exemplifica atitudes gentis e as compara com princ\u00edpios b\u00edblicos. Ideal para ensinar novo vocabul\u00e1rio em situa\u00e7\u00f5es diferentes em tenra idade. Estimula e refor\u00e7a a memoriza\u00e7\u00e3o dos n\u00fameros e dos valores b\u00edblicos essenciais.<br \/>\nDesenvolve a compreens\u00e3o e a rapidez no racioc\u00ednio, al\u00e9m de ensinar novas atitudes. A crian\u00e7a aprende a contar dinheiro, objetos, animais, brinquedos e principalmente, a contar com Deus em todos os momentos.<\/p>\n","protected":false},"excerpt":{"rendered":"<p>No livro Posso Contar com Deus, da autora Debby Anderson, revela-nos que Deus tudo conhece! Ele sabe contar as grandes&hellip;<\/p>\n","protected":false},"featured_media":338552,"comment_status":"open","ping_status":"closed","template":"","meta":[],"product_cat":[144,134],"product_tag":[],"_links":{"self":[{"href":"https:\/\/www.livrariarema.com.br\/loja\/wp-json\/wp\/v2\/product\/338553"}],"collection":[{"href":"https:\/\/www.livrariarema.com.br\/loja\/wp-json\/wp\/v2\/product"}],"about":[{"href":"https:\/\/www.livrariarema.com.br\/loja\/wp-json\/wp\/v2\/types\/product"}],"replies":[{"embeddable":true,"href":"https:\/\/www.livrariarema.com.br\/loja\/wp-json\/wp\/v2\/comments?post=338553"}],"wp:featuredmedia":[{"embeddable":true,"href":"https:\/\/www.livrariarema.com.br\/loja\/wp-json\/wp\/v2\/media\/338552"}],"wp:attachment":[{"href":"https:\/\/www.livrariarema.com.br\/loja\/wp-json\/wp\/v2\/media?parent=338553"}],"wp:term":[{"taxonomy":"product_cat","embeddable":true,"href":"https:\/\/www.livrariarema.com.br\/loja\/wp-json\/wp\/v2\/product_cat?post=338553"},{"taxonomy":"product_tag","embeddable":true,"href":"https:\/\/www.livrariarema.com.br\/loja\/wp-json\/wp\/v2\/product_tag?post=338553"}],"curies":[{"name":"wp","href":"https:\/\/api.w.org\/{rel}","templated":true}]}}