{"id":338555,"date":"2025-09-29T15:17:37","date_gmt":"2025-09-29T18:17:37","guid":{"rendered":"https:\/\/www.livrariarema.com.br\/loja\/produtos\/sem categoria\/mundo-que-deus-nos-deu-o-debby-anderson\/"},"modified":"2025-12-19T09:30:47","modified_gmt":"2025-12-19T12:30:47","slug":"mundo-que-deus-nos-deu-o-debby-anderson","status":"publish","type":"product","link":"https:\/\/www.livrariarema.com.br\/loja\/produtos\/livros\/infantil\/mundo-que-deus-nos-deu-o-debby-anderson\/","title":{"rendered":"Mundo Que Deus Nos Deu, O &#8211; Debby Anderson"},"content":{"rendered":"<p>Deus nos deu os quintais, as praias, as cidades, as montanhas e as florestas para explorarmos. Deu-nos tamb\u00e9m os cinco sentidos para apreci\u00e1-los. Temos uma tarefa importante: ajudar a cuidar da Sua cria\u00e7\u00e3o.<\/p>\n<p>Este livro ensina tudo de uma vez s\u00f3. As dicas divertidas s\u00e3o boas ideias para crian\u00e7as de todas as idades. O animado passeio pelo maravilhoso planeta revela algo novo para celebrar, cada vez que as crian\u00e7as abrirem estas p\u00e1ginas. Encoraja-as a partilhar das alegres investiga\u00e7\u00f5es e descobertas e as ensina a proteger o nosso lar terrestre.<\/p>\n","protected":false},"excerpt":{"rendered":"<p>Deus nos deu os quintais, as praias, as cidades, as montanhas e as florestas para explorarmos. Deu-nos tamb\u00e9m os cinco&hellip;<\/p>\n","protected":false},"featured_media":338554,"comment_status":"open","ping_status":"closed","template":"","meta":[],"product_cat":[144,134],"product_tag":[],"_links":{"self":[{"href":"https:\/\/www.livrariarema.com.br\/loja\/wp-json\/wp\/v2\/product\/338555"}],"collection":[{"href":"https:\/\/www.livrariarema.com.br\/loja\/wp-json\/wp\/v2\/product"}],"about":[{"href":"https:\/\/www.livrariarema.com.br\/loja\/wp-json\/wp\/v2\/types\/product"}],"replies":[{"embeddable":true,"href":"https:\/\/www.livrariarema.com.br\/loja\/wp-json\/wp\/v2\/comments?post=338555"}],"wp:featuredmedia":[{"embeddable":true,"href":"https:\/\/www.livrariarema.com.br\/loja\/wp-json\/wp\/v2\/media\/338554"}],"wp:attachment":[{"href":"https:\/\/www.livrariarema.com.br\/loja\/wp-json\/wp\/v2\/media?parent=338555"}],"wp:term":[{"taxonomy":"product_cat","embeddable":true,"href":"https:\/\/www.livrariarema.com.br\/loja\/wp-json\/wp\/v2\/product_cat?post=338555"},{"taxonomy":"product_tag","embeddable":true,"href":"https:\/\/www.livrariarema.com.br\/loja\/wp-json\/wp\/v2\/product_tag?post=338555"}],"curies":[{"name":"wp","href":"https:\/\/api.w.org\/{rel}","templated":true}]}}