{"id":338559,"date":"2025-09-29T15:17:57","date_gmt":"2025-09-29T18:17:57","guid":{"rendered":"https:\/\/www.livrariarema.com.br\/loja\/produtos\/sem categoria\/eu-amo-minha-biblia-debby-anderson\/"},"modified":"2025-12-29T09:30:54","modified_gmt":"2025-12-29T12:30:54","slug":"eu-amo-minha-biblia-debby-anderson","status":"publish","type":"product","link":"https:\/\/www.livrariarema.com.br\/loja\/produtos\/livros\/infantil\/eu-amo-minha-biblia-debby-anderson\/","title":{"rendered":"Eu Amo Minha B\u00edblia &#8211; Debby Anderson"},"content":{"rendered":"<p>Neste livro colorido e divertido, os pequeninos aprendem a guardar em seu cora\u00e7\u00e3o pedacinhos da B\u00edblia e o valor do amor e obedi\u00eancia \u00e0 Palavra de Deus.<\/p>\n","protected":false},"excerpt":{"rendered":"<p>Neste livro colorido e divertido, os pequeninos aprendem a guardar em seu cora\u00e7\u00e3o pedacinhos da B\u00edblia e o valor do&hellip;<\/p>\n","protected":false},"featured_media":338558,"comment_status":"open","ping_status":"closed","template":"","meta":[],"product_cat":[144,134],"product_tag":[],"_links":{"self":[{"href":"https:\/\/www.livrariarema.com.br\/loja\/wp-json\/wp\/v2\/product\/338559"}],"collection":[{"href":"https:\/\/www.livrariarema.com.br\/loja\/wp-json\/wp\/v2\/product"}],"about":[{"href":"https:\/\/www.livrariarema.com.br\/loja\/wp-json\/wp\/v2\/types\/product"}],"replies":[{"embeddable":true,"href":"https:\/\/www.livrariarema.com.br\/loja\/wp-json\/wp\/v2\/comments?post=338559"}],"wp:featuredmedia":[{"embeddable":true,"href":"https:\/\/www.livrariarema.com.br\/loja\/wp-json\/wp\/v2\/media\/338558"}],"wp:attachment":[{"href":"https:\/\/www.livrariarema.com.br\/loja\/wp-json\/wp\/v2\/media?parent=338559"}],"wp:term":[{"taxonomy":"product_cat","embeddable":true,"href":"https:\/\/www.livrariarema.com.br\/loja\/wp-json\/wp\/v2\/product_cat?post=338559"},{"taxonomy":"product_tag","embeddable":true,"href":"https:\/\/www.livrariarema.com.br\/loja\/wp-json\/wp\/v2\/product_tag?post=338559"}],"curies":[{"name":"wp","href":"https:\/\/api.w.org\/{rel}","templated":true}]}}