{"id":338633,"date":"2025-09-29T16:21:12","date_gmt":"2025-09-29T19:21:12","guid":{"rendered":"https:\/\/www.livrariarema.com.br\/loja\/produtos\/sem categoria\/haya-lieza-carpeggiani\/"},"modified":"2025-12-20T17:01:29","modified_gmt":"2025-12-20T20:01:29","slug":"haya-lieza-carpeggiani","status":"publish","type":"product","link":"https:\/\/www.livrariarema.com.br\/loja\/produtos\/livros\/ficcao\/haya-lieza-carpeggiani\/","title":{"rendered":"Haya &#8211; Lieza Carpeggiani"},"content":{"rendered":"<p>Uma incr\u00edvel narrativa que apresenta a jornada de uma jovem seguidora de Jesus. Num misto de realidade e fic\u00e7\u00e3o, faz o leitor sentir o aroma do azeite rec\u00e9m-prensado, ouvir o burburinho das mulheres em frente \u00e0 sinagoga e ver as cores do mercado nas ruas de S\u00e9fora. Uma fascinante viagem para a Galileia do s\u00e9culo 1\u00ba, vista pelos olhos da jovem Haya.<br \/>\nPermite visualizar, pela delicadeza e sensibilidade do olhar feminino, de que maneira o mundo foi transformado por um certo tekton de Nazar\u00e9.<\/p>\n","protected":false},"excerpt":{"rendered":"<p>Uma incr\u00edvel narrativa que apresenta a jornada de uma jovem seguidora de Jesus. Num misto de realidade e fic\u00e7\u00e3o, faz&hellip;<\/p>\n","protected":false},"featured_media":338632,"comment_status":"open","ping_status":"closed","template":"","meta":[],"product_cat":[162,134],"product_tag":[],"_links":{"self":[{"href":"https:\/\/www.livrariarema.com.br\/loja\/wp-json\/wp\/v2\/product\/338633"}],"collection":[{"href":"https:\/\/www.livrariarema.com.br\/loja\/wp-json\/wp\/v2\/product"}],"about":[{"href":"https:\/\/www.livrariarema.com.br\/loja\/wp-json\/wp\/v2\/types\/product"}],"replies":[{"embeddable":true,"href":"https:\/\/www.livrariarema.com.br\/loja\/wp-json\/wp\/v2\/comments?post=338633"}],"wp:featuredmedia":[{"embeddable":true,"href":"https:\/\/www.livrariarema.com.br\/loja\/wp-json\/wp\/v2\/media\/338632"}],"wp:attachment":[{"href":"https:\/\/www.livrariarema.com.br\/loja\/wp-json\/wp\/v2\/media?parent=338633"}],"wp:term":[{"taxonomy":"product_cat","embeddable":true,"href":"https:\/\/www.livrariarema.com.br\/loja\/wp-json\/wp\/v2\/product_cat?post=338633"},{"taxonomy":"product_tag","embeddable":true,"href":"https:\/\/www.livrariarema.com.br\/loja\/wp-json\/wp\/v2\/product_tag?post=338633"}],"curies":[{"name":"wp","href":"https:\/\/api.w.org\/{rel}","templated":true}]}}