{"id":338654,"date":"2025-09-29T16:25:11","date_gmt":"2025-09-29T19:25:11","guid":{"rendered":"https:\/\/www.livrariarema.com.br\/loja\/produtos\/sem categoria\/pao-diario-29-azul-letra-grande\/"},"modified":"2026-02-26T14:04:35","modified_gmt":"2026-02-26T17:04:35","slug":"pao-diario-29-azul-letra-grande","status":"publish","type":"product","link":"https:\/\/www.livrariarema.com.br\/loja\/produtos\/livros\/devocional\/pao-diario-29-azul-letra-grande\/","title":{"rendered":"P\u00e3o Di\u00e1rio &#8211; 29 &#8211; Azul &#8211; Letra Grande"},"content":{"rendered":"<p>O P\u00e3o Di\u00e1rio \u00e9 um convite di\u00e1rio \u00e0 comunh\u00e3o com Deus em fam\u00edlia. Com mensagens devocionais profundas, acess\u00edveis e centradas nas Escrituras, este livro ajuda seus leitores a iniciarem o dia com esperan\u00e7a, sabedoria e amor. Um recurso essencial para nutrir o esp\u00edrito e cultivar relacionamentos baseados nos princ\u00edpios da Palavra de Deus.<\/p>\n","protected":false},"excerpt":{"rendered":"<p>O P\u00e3o Di\u00e1rio \u00e9 um convite di\u00e1rio \u00e0 comunh\u00e3o com Deus em fam\u00edlia. Com mensagens devocionais profundas, acess\u00edveis e centradas&hellip;<\/p>\n","protected":false},"featured_media":345508,"comment_status":"open","ping_status":"closed","template":"","meta":[],"product_cat":[158,134],"product_tag":[],"_links":{"self":[{"href":"https:\/\/www.livrariarema.com.br\/loja\/wp-json\/wp\/v2\/product\/338654"}],"collection":[{"href":"https:\/\/www.livrariarema.com.br\/loja\/wp-json\/wp\/v2\/product"}],"about":[{"href":"https:\/\/www.livrariarema.com.br\/loja\/wp-json\/wp\/v2\/types\/product"}],"replies":[{"embeddable":true,"href":"https:\/\/www.livrariarema.com.br\/loja\/wp-json\/wp\/v2\/comments?post=338654"}],"wp:featuredmedia":[{"embeddable":true,"href":"https:\/\/www.livrariarema.com.br\/loja\/wp-json\/wp\/v2\/media\/345508"}],"wp:attachment":[{"href":"https:\/\/www.livrariarema.com.br\/loja\/wp-json\/wp\/v2\/media?parent=338654"}],"wp:term":[{"taxonomy":"product_cat","embeddable":true,"href":"https:\/\/www.livrariarema.com.br\/loja\/wp-json\/wp\/v2\/product_cat?post=338654"},{"taxonomy":"product_tag","embeddable":true,"href":"https:\/\/www.livrariarema.com.br\/loja\/wp-json\/wp\/v2\/product_tag?post=338654"}],"curies":[{"name":"wp","href":"https:\/\/api.w.org\/{rel}","templated":true}]}}