{"id":338674,"date":"2025-09-29T16:33:53","date_gmt":"2025-09-29T19:33:53","guid":{"rendered":"https:\/\/www.livrariarema.com.br\/loja\/produtos\/sem%20categoria\/box-serie-fe-esperanca-amor\/"},"modified":"2025-11-10T10:34:57","modified_gmt":"2025-11-10T13:34:57","slug":"box-serie-fe-esperanca-amor","status":"publish","type":"product","link":"https:\/\/www.livrariarema.com.br\/loja\/produtos\/livros\/infantil\/box-serie-fe-esperanca-amor\/","title":{"rendered":"Box S\u00e9rie F\u00e9, Esperan\u00e7a, Amor"},"content":{"rendered":"<p>Tr\u00eas virtudes eternas contadas para os cora\u00e7\u00f5ezinhos mais novos.<br \/>\nInspirada em 1 Cor\u00edntios 13:13 &#8211; &#8220;Agora, pois, permanecem a f\u00e9, a esperan\u00e7a e o amor, estes tr\u00eas&#8221; &#8211; esta s\u00e9rie foi criada especialmente para crian\u00e7as de 2 a 5 anos. Cada livro convida os pequenos a conhecer mais sobre Deus por meio de hist\u00f3rias simples, mas cheias de significado, que ensinam sobre o que \u00e9 confiar, esperar e amar. <\/p>\n<p>Com ilustra\u00e7\u00f5es suaves, linguagem acess\u00edvel e um tom afetuoso, os livros estimulam conversas importantes entre pais e filhos, tornando o momento da leitura um espa\u00e7o de conex\u00e3o e forma\u00e7\u00e3o espiritual. <\/p>\n<p>A cole\u00e7\u00e3o inclui os t\u00edtulos: <br \/>\nOnde est\u00e1 a f\u00e9? <br \/>\nAt\u00e9 onde vai a esperan\u00e7a? <br \/>\nQual \u00e9 o tamanho do amor? <\/p>\n<p>Cada obra oferece uma introdu\u00e7\u00e3o sens\u00edvel e l\u00fadica a essas virtudes crist\u00e3s, criando bases s\u00f3lidas para a viv\u00eancia do evangelho desde a inf\u00e2ncia.<\/p>\n","protected":false},"excerpt":{"rendered":"<p>Tr\u00eas virtudes eternas contadas para os cora\u00e7\u00f5ezinhos mais novos. Inspirada em 1 Cor\u00edntios 13:13 &#8211; &#8220;Agora, pois, permanecem a f\u00e9,&hellip;<\/p>\n","protected":false},"featured_media":340808,"comment_status":"open","ping_status":"closed","template":"","meta":[],"product_cat":[144,134],"product_tag":[],"_links":{"self":[{"href":"https:\/\/www.livrariarema.com.br\/loja\/wp-json\/wp\/v2\/product\/338674"}],"collection":[{"href":"https:\/\/www.livrariarema.com.br\/loja\/wp-json\/wp\/v2\/product"}],"about":[{"href":"https:\/\/www.livrariarema.com.br\/loja\/wp-json\/wp\/v2\/types\/product"}],"replies":[{"embeddable":true,"href":"https:\/\/www.livrariarema.com.br\/loja\/wp-json\/wp\/v2\/comments?post=338674"}],"wp:featuredmedia":[{"embeddable":true,"href":"https:\/\/www.livrariarema.com.br\/loja\/wp-json\/wp\/v2\/media\/340808"}],"wp:attachment":[{"href":"https:\/\/www.livrariarema.com.br\/loja\/wp-json\/wp\/v2\/media?parent=338674"}],"wp:term":[{"taxonomy":"product_cat","embeddable":true,"href":"https:\/\/www.livrariarema.com.br\/loja\/wp-json\/wp\/v2\/product_cat?post=338674"},{"taxonomy":"product_tag","embeddable":true,"href":"https:\/\/www.livrariarema.com.br\/loja\/wp-json\/wp\/v2\/product_tag?post=338674"}],"curies":[{"name":"wp","href":"https:\/\/api.w.org\/{rel}","templated":true}]}}