{"id":338676,"date":"2025-09-29T16:34:00","date_gmt":"2025-09-29T19:34:00","guid":{"rendered":"https:\/\/www.livrariarema.com.br\/loja\/produtos\/sem categoria\/box-serie-versiculos-biblicos-para-memorizar-3-livro\/"},"modified":"2026-02-02T14:20:41","modified_gmt":"2026-02-02T17:20:41","slug":"box-serie-versiculos-biblicos-para-memorizar-3-livro","status":"publish","type":"product","link":"https:\/\/www.livrariarema.com.br\/loja\/produtos\/livros\/infantil\/box-serie-versiculos-biblicos-para-memorizar-3-livro\/","title":{"rendered":"Box S\u00e9rie Vers\u00edculos B\u00edblicos Para Memorizar &#8211; 3 Livro"},"content":{"rendered":"<p>Com simplicidade e ternura, este livro refor\u00e7a a import\u00e2ncia de lan\u00e7ar sobre Deus toda ansiedade. As crian\u00e7as s\u00e3o conduzidas a confiar em Jesus nos momentos dif\u00edceis, enquanto os adultos encontram uma ferramenta para dialogar sobre sentimentos e f\u00e9 com os pequenos. <\/p>\n","protected":false},"excerpt":{"rendered":"<p>Com simplicidade e ternura, este livro refor\u00e7a a import\u00e2ncia de lan\u00e7ar sobre Deus toda ansiedade. As crian\u00e7as s\u00e3o conduzidas a&hellip;<\/p>\n","protected":false},"featured_media":338675,"comment_status":"open","ping_status":"closed","template":"","meta":[],"product_cat":[144,134],"product_tag":[],"_links":{"self":[{"href":"https:\/\/www.livrariarema.com.br\/loja\/wp-json\/wp\/v2\/product\/338676"}],"collection":[{"href":"https:\/\/www.livrariarema.com.br\/loja\/wp-json\/wp\/v2\/product"}],"about":[{"href":"https:\/\/www.livrariarema.com.br\/loja\/wp-json\/wp\/v2\/types\/product"}],"replies":[{"embeddable":true,"href":"https:\/\/www.livrariarema.com.br\/loja\/wp-json\/wp\/v2\/comments?post=338676"}],"wp:featuredmedia":[{"embeddable":true,"href":"https:\/\/www.livrariarema.com.br\/loja\/wp-json\/wp\/v2\/media\/338675"}],"wp:attachment":[{"href":"https:\/\/www.livrariarema.com.br\/loja\/wp-json\/wp\/v2\/media?parent=338676"}],"wp:term":[{"taxonomy":"product_cat","embeddable":true,"href":"https:\/\/www.livrariarema.com.br\/loja\/wp-json\/wp\/v2\/product_cat?post=338676"},{"taxonomy":"product_tag","embeddable":true,"href":"https:\/\/www.livrariarema.com.br\/loja\/wp-json\/wp\/v2\/product_tag?post=338676"}],"curies":[{"name":"wp","href":"https:\/\/api.w.org\/{rel}","templated":true}]}}