{"id":338678,"date":"2025-09-29T16:34:08","date_gmt":"2025-09-29T19:34:08","guid":{"rendered":"https:\/\/www.livrariarema.com.br\/loja\/produtos\/sem categoria\/box-serie-historias-que-jesus-contou\/"},"modified":"2026-03-23T13:42:46","modified_gmt":"2026-03-23T16:42:46","slug":"box-serie-historias-que-jesus-contou","status":"publish","type":"product","link":"https:\/\/www.livrariarema.com.br\/loja\/produtos\/livros\/infantil\/box-serie-historias-que-jesus-contou\/","title":{"rendered":"Box S\u00e9rie Hist\u00f3rias Que Jesus Contou"},"content":{"rendered":"<p>O Filho Pr\u00f3digo<br \/>\nSinopse: Este livro apresenta a par\u00e1bola do filho pr\u00f3digo, recontada de maneira acess\u00edvel e cativante. As crian\u00e7as acompanham a trajet\u00f3ria de um jovem que decide sair de casa, desperdi\u00e7a tudo o que tem e, ao retornar arrependido, encontra um pai cheio de amor e perd\u00e3o. Uma poderosa li\u00e7\u00e3o sobre miseric\u00f3rdia, reconcilia\u00e7\u00e3o e o cora\u00e7\u00e3o generoso de Deus. <\/p>\n<p>O Semeador <br \/>\nSinopse: Inspirado na par\u00e1bola do semeador, este livro ajuda as crian\u00e7as a entenderem como o cora\u00e7\u00e3o de cada pessoa pode reagir \u00e0 Palavra de Deus. Atrav\u00e9s de ilustra\u00e7\u00f5es vibrantes e linguagem simples, os pequenos aprender\u00e3o que, quando o solo do cora\u00e7\u00e3o \u00e9 f\u00e9rtil, os ensinamentos de Jesus florescem e frutificam. <\/p>\n<p>O Bom Samaritano <br \/>\nSinopse: Neste volume, as crian\u00e7as conhecer\u00e3o a hist\u00f3ria de um viajante que foi ajudado por algu\u00e9m que todos esperavam que passasse longe. A par\u00e1bola do bom samaritano ensina valores como compaix\u00e3o, generosidade e respeito, mostrando que todos somos chamados a amar o pr\u00f3ximo, mesmo quando ele \u00e9 diferente de n\u00f3s. <\/p>\n<p>Ovelhas e Moedas <br \/>\nSinopse: Com base em duas par\u00e1bolas &#8211; a da ovelha perdida e a da moeda perdida -, este livro mostra como Deus valoriza cada pessoa individualmente. Ao acompanhar o pastor que busca sua ovelha e a mulher que procura a moeda perdida, as crian\u00e7as aprender\u00e3o sobre o cuidado e o valor que o Pai celestial d\u00e1 a cada um de Seus filhos. <\/p>\n","protected":false},"excerpt":{"rendered":"<p>O Filho Pr\u00f3digo Sinopse: Este livro apresenta a par\u00e1bola do filho pr\u00f3digo, recontada de maneira acess\u00edvel e cativante. As crian\u00e7as&hellip;<\/p>\n","protected":false},"featured_media":338677,"comment_status":"open","ping_status":"closed","template":"","meta":[],"product_cat":[144,134],"product_tag":[],"_links":{"self":[{"href":"https:\/\/www.livrariarema.com.br\/loja\/wp-json\/wp\/v2\/product\/338678"}],"collection":[{"href":"https:\/\/www.livrariarema.com.br\/loja\/wp-json\/wp\/v2\/product"}],"about":[{"href":"https:\/\/www.livrariarema.com.br\/loja\/wp-json\/wp\/v2\/types\/product"}],"replies":[{"embeddable":true,"href":"https:\/\/www.livrariarema.com.br\/loja\/wp-json\/wp\/v2\/comments?post=338678"}],"wp:featuredmedia":[{"embeddable":true,"href":"https:\/\/www.livrariarema.com.br\/loja\/wp-json\/wp\/v2\/media\/338677"}],"wp:attachment":[{"href":"https:\/\/www.livrariarema.com.br\/loja\/wp-json\/wp\/v2\/media?parent=338678"}],"wp:term":[{"taxonomy":"product_cat","embeddable":true,"href":"https:\/\/www.livrariarema.com.br\/loja\/wp-json\/wp\/v2\/product_cat?post=338678"},{"taxonomy":"product_tag","embeddable":true,"href":"https:\/\/www.livrariarema.com.br\/loja\/wp-json\/wp\/v2\/product_tag?post=338678"}],"curies":[{"name":"wp","href":"https:\/\/api.w.org\/{rel}","templated":true}]}}