{"id":338686,"date":"2025-09-29T16:34:53","date_gmt":"2025-09-29T19:34:53","guid":{"rendered":"https:\/\/www.livrariarema.com.br\/loja\/produtos\/sem categoria\/serie-fe-esperanca-amor-onde-esta-a-fe\/"},"modified":"2026-04-02T13:00:30","modified_gmt":"2026-04-02T16:00:30","slug":"serie-fe-esperanca-amor-onde-esta-a-fe","status":"publish","type":"product","link":"https:\/\/www.livrariarema.com.br\/loja\/produtos\/livros\/infantil\/serie-fe-esperanca-amor-onde-esta-a-fe\/","title":{"rendered":"S\u00e9rie F\u00e9, Esperan\u00e7a, Amor &#8211; Onde Est\u00e1 A F\u00e9"},"content":{"rendered":"<p>Enquanto se diverte, Filhote, o elefantinho, tem muitas perguntas importantes sobre a f\u00e9. Esta hist\u00f3ria encantadora despertar\u00e1 a curiosidade dos pequeninos e os ensinar\u00e1 que a f\u00e9 est\u00e1 bem mais perto do que eles imaginam, ao sentirem a maravilhosa presen\u00e7a de Deus.<\/p>\n","protected":false},"excerpt":{"rendered":"<p>Enquanto se diverte, Filhote, o elefantinho, tem muitas perguntas importantes sobre a f\u00e9. Esta hist\u00f3ria encantadora despertar\u00e1 a curiosidade dos&hellip;<\/p>\n","protected":false},"featured_media":338685,"comment_status":"open","ping_status":"closed","template":"","meta":[],"product_cat":[144,134],"product_tag":[],"_links":{"self":[{"href":"https:\/\/www.livrariarema.com.br\/loja\/wp-json\/wp\/v2\/product\/338686"}],"collection":[{"href":"https:\/\/www.livrariarema.com.br\/loja\/wp-json\/wp\/v2\/product"}],"about":[{"href":"https:\/\/www.livrariarema.com.br\/loja\/wp-json\/wp\/v2\/types\/product"}],"replies":[{"embeddable":true,"href":"https:\/\/www.livrariarema.com.br\/loja\/wp-json\/wp\/v2\/comments?post=338686"}],"wp:featuredmedia":[{"embeddable":true,"href":"https:\/\/www.livrariarema.com.br\/loja\/wp-json\/wp\/v2\/media\/338685"}],"wp:attachment":[{"href":"https:\/\/www.livrariarema.com.br\/loja\/wp-json\/wp\/v2\/media?parent=338686"}],"wp:term":[{"taxonomy":"product_cat","embeddable":true,"href":"https:\/\/www.livrariarema.com.br\/loja\/wp-json\/wp\/v2\/product_cat?post=338686"},{"taxonomy":"product_tag","embeddable":true,"href":"https:\/\/www.livrariarema.com.br\/loja\/wp-json\/wp\/v2\/product_tag?post=338686"}],"curies":[{"name":"wp","href":"https:\/\/api.w.org\/{rel}","templated":true}]}}