{"id":338688,"date":"2025-09-29T16:35:00","date_gmt":"2025-09-29T19:35:00","guid":{"rendered":"https:\/\/www.livrariarema.com.br\/loja\/produtos\/sem categoria\/serie-fe-esperanca-amor-ate-onde-vai-a-esperanca\/"},"modified":"2026-02-11T16:50:40","modified_gmt":"2026-02-11T19:50:40","slug":"serie-fe-esperanca-amor-ate-onde-vai-a-esperanca","status":"publish","type":"product","link":"https:\/\/www.livrariarema.com.br\/loja\/produtos\/livros\/infantil\/serie-fe-esperanca-amor-ate-onde-vai-a-esperanca\/","title":{"rendered":"S\u00e9rie F\u00e9, Esperan\u00e7a, Amor &#8211; At\u00e9 Onde Vai A Esperan\u00e7a?"},"content":{"rendered":"<p>Enquanto aprende a voar, Filhote, a corujinha, aproveita para perguntar ao seu Papai sobre o significado da esperan\u00e7a \u00e0 luz da B\u00edblia. Esta hist\u00f3ria encantadora ensinar\u00e1 os pequeninos sobre a esperan\u00e7a que vem de Deus e como ela pode lhes dar for\u00e7a, coragem e alegria para voar cada vez mais alto.<\/p>\n","protected":false},"excerpt":{"rendered":"<p>Enquanto aprende a voar, Filhote, a corujinha, aproveita para perguntar ao seu Papai sobre o significado da esperan\u00e7a \u00e0 luz&hellip;<\/p>\n","protected":false},"featured_media":338687,"comment_status":"open","ping_status":"closed","template":"","meta":[],"product_cat":[144,134],"product_tag":[],"_links":{"self":[{"href":"https:\/\/www.livrariarema.com.br\/loja\/wp-json\/wp\/v2\/product\/338688"}],"collection":[{"href":"https:\/\/www.livrariarema.com.br\/loja\/wp-json\/wp\/v2\/product"}],"about":[{"href":"https:\/\/www.livrariarema.com.br\/loja\/wp-json\/wp\/v2\/types\/product"}],"replies":[{"embeddable":true,"href":"https:\/\/www.livrariarema.com.br\/loja\/wp-json\/wp\/v2\/comments?post=338688"}],"wp:featuredmedia":[{"embeddable":true,"href":"https:\/\/www.livrariarema.com.br\/loja\/wp-json\/wp\/v2\/media\/338687"}],"wp:attachment":[{"href":"https:\/\/www.livrariarema.com.br\/loja\/wp-json\/wp\/v2\/media?parent=338688"}],"wp:term":[{"taxonomy":"product_cat","embeddable":true,"href":"https:\/\/www.livrariarema.com.br\/loja\/wp-json\/wp\/v2\/product_cat?post=338688"},{"taxonomy":"product_tag","embeddable":true,"href":"https:\/\/www.livrariarema.com.br\/loja\/wp-json\/wp\/v2\/product_tag?post=338688"}],"curies":[{"name":"wp","href":"https:\/\/api.w.org\/{rel}","templated":true}]}}