{"id":338792,"date":"2025-09-29T16:55:14","date_gmt":"2025-09-29T19:55:14","guid":{"rendered":"https:\/\/www.livrariarema.com.br\/loja\/produtos\/sem categoria\/encontros-diarios-com-jesus-365-devocionais-para-lideres-luxo\/"},"modified":"2026-02-20T14:40:50","modified_gmt":"2026-02-20T17:40:50","slug":"encontros-diarios-com-jesus-365-devocionais-para-lideres-luxo","status":"publish","type":"product","link":"https:\/\/www.livrariarema.com.br\/loja\/produtos\/livros\/devocional\/encontros-diarios-com-jesus-365-devocionais-para-lideres-luxo\/","title":{"rendered":"Encontros Di\u00e1rios Com Jesus &#8211; 365 Devocionais Para L\u00edderes &#8211; Luxo"},"content":{"rendered":"<p>Encontros di\u00e1rios com Jesus prop\u00f5e uma aproxima\u00e7\u00e3o renovada e revigorante \u00e0 pessoa de Jesus, por meio de encontros di\u00e1rios com os evangelhos. <br \/>\nPor outro lado, essa obra resiste em fornecer um retrato acabado de Cristo.<br \/>\nEm lugar disto, convida-o a unir-se ao grupo que caminhou com ele, para que se surpreenda, mais uma vez, com o extraordin\u00e1rio mist\u00e9rio que significa o Verbo feito carne.<br \/>\nA aventura que resultar\u00e1 destas leituras lhe permitir\u00e1 desfrutar de Jesus de forma, talvez, in\u00e9dita.<br \/>\nTamb\u00e9m, inquietar\u00e1 o seu ser, lan\u00e7ando as sementes de uma transforma\u00e7\u00e3o espiritual genu\u00edna e dram\u00e1tica.<\/p>\n","protected":false},"excerpt":{"rendered":"<p>Encontros di\u00e1rios com Jesus prop\u00f5e uma aproxima\u00e7\u00e3o renovada e revigorante \u00e0 pessoa de Jesus, por meio de encontros di\u00e1rios com&hellip;<\/p>\n","protected":false},"featured_media":338791,"comment_status":"open","ping_status":"closed","template":"","meta":[],"product_cat":[158,134],"product_tag":[],"_links":{"self":[{"href":"https:\/\/www.livrariarema.com.br\/loja\/wp-json\/wp\/v2\/product\/338792"}],"collection":[{"href":"https:\/\/www.livrariarema.com.br\/loja\/wp-json\/wp\/v2\/product"}],"about":[{"href":"https:\/\/www.livrariarema.com.br\/loja\/wp-json\/wp\/v2\/types\/product"}],"replies":[{"embeddable":true,"href":"https:\/\/www.livrariarema.com.br\/loja\/wp-json\/wp\/v2\/comments?post=338792"}],"wp:featuredmedia":[{"embeddable":true,"href":"https:\/\/www.livrariarema.com.br\/loja\/wp-json\/wp\/v2\/media\/338791"}],"wp:attachment":[{"href":"https:\/\/www.livrariarema.com.br\/loja\/wp-json\/wp\/v2\/media?parent=338792"}],"wp:term":[{"taxonomy":"product_cat","embeddable":true,"href":"https:\/\/www.livrariarema.com.br\/loja\/wp-json\/wp\/v2\/product_cat?post=338792"},{"taxonomy":"product_tag","embeddable":true,"href":"https:\/\/www.livrariarema.com.br\/loja\/wp-json\/wp\/v2\/product_tag?post=338792"}],"curies":[{"name":"wp","href":"https:\/\/api.w.org\/{rel}","templated":true}]}}