{"id":338800,"date":"2025-09-29T16:56:25","date_gmt":"2025-09-29T19:56:25","guid":{"rendered":"https:\/\/www.livrariarema.com.br\/loja\/produtos\/sem categoria\/o-que-eu-tenho-a-ver-com-isso-juliano-de-castro\/"},"modified":"2025-12-03T08:38:55","modified_gmt":"2025-12-03T11:38:55","slug":"o-que-eu-tenho-a-ver-com-isso-juliano-de-castro","status":"publish","type":"product","link":"https:\/\/www.livrariarema.com.br\/loja\/produtos\/livros\/juvenil\/o-que-eu-tenho-a-ver-com-isso-juliano-de-castro\/","title":{"rendered":"O Que Eu Tenho A Ver Com Isso? &#8211; Juliano De Castro"},"content":{"rendered":"<p>Neste livro, Juliano Oliveira de Castro conduz o leitor a uma jornada de autoconhecimento, f\u00e9 e amadurecimento emocional. Em um mundo que valoriza respostas imediatas, o autor prop\u00f5e um caminho mais profundo: o de quem se permite questionar e refletir. Ao equilibrar f\u00e9 crist\u00e3 e sa\u00fade emocional, este livro oferece orienta\u00e7\u00e3o pr\u00e1tica e espiritual para adolescentes, jovens e todos que buscam viver com prop\u00f3sito e coer\u00eancia.<\/p>\n","protected":false},"excerpt":{"rendered":"<p>Neste livro, Juliano Oliveira de Castro conduz o leitor a uma jornada de autoconhecimento, f\u00e9 e amadurecimento emocional. Em um&hellip;<\/p>\n","protected":false},"featured_media":338799,"comment_status":"open","ping_status":"closed","template":"","meta":[],"product_cat":[184,134],"product_tag":[],"_links":{"self":[{"href":"https:\/\/www.livrariarema.com.br\/loja\/wp-json\/wp\/v2\/product\/338800"}],"collection":[{"href":"https:\/\/www.livrariarema.com.br\/loja\/wp-json\/wp\/v2\/product"}],"about":[{"href":"https:\/\/www.livrariarema.com.br\/loja\/wp-json\/wp\/v2\/types\/product"}],"replies":[{"embeddable":true,"href":"https:\/\/www.livrariarema.com.br\/loja\/wp-json\/wp\/v2\/comments?post=338800"}],"wp:featuredmedia":[{"embeddable":true,"href":"https:\/\/www.livrariarema.com.br\/loja\/wp-json\/wp\/v2\/media\/338799"}],"wp:attachment":[{"href":"https:\/\/www.livrariarema.com.br\/loja\/wp-json\/wp\/v2\/media?parent=338800"}],"wp:term":[{"taxonomy":"product_cat","embeddable":true,"href":"https:\/\/www.livrariarema.com.br\/loja\/wp-json\/wp\/v2\/product_cat?post=338800"},{"taxonomy":"product_tag","embeddable":true,"href":"https:\/\/www.livrariarema.com.br\/loja\/wp-json\/wp\/v2\/product_tag?post=338800"}],"curies":[{"name":"wp","href":"https:\/\/api.w.org\/{rel}","templated":true}]}}