{"id":338821,"date":"2025-09-29T17:01:01","date_gmt":"2025-09-29T20:01:01","guid":{"rendered":"https:\/\/www.livrariarema.com.br\/loja\/produtos\/sem categoria\/pao-diario-366-devocionais-de-genesis-a-apocalipse\/"},"modified":"2026-04-04T13:11:20","modified_gmt":"2026-04-04T16:11:20","slug":"pao-diario-366-devocionais-de-genesis-a-apocalipse","status":"publish","type":"product","link":"https:\/\/www.livrariarema.com.br\/loja\/produtos\/livros\/devocional\/pao-diario-366-devocionais-de-genesis-a-apocalipse\/","title":{"rendered":"P\u00e3o Di\u00e1rio &#8211; 366 Devocionais De G\u00eanesis A Apocalipse"},"content":{"rendered":"<p>Este devocional \u00e9 indispens\u00e1vel para fam\u00edlias que desejam introduzir a f\u00e9 crist\u00e3 de maneira consistente e inspiradora na rotina infantil. Com 366 leituras, proporciona um plano anual de discipulado b\u00edblico adaptado ao universo das crian\u00e7as, despertando nelas o amor pela Palavra de Deus.<\/p>\n","protected":false},"excerpt":{"rendered":"<p>Este devocional \u00e9 indispens\u00e1vel para fam\u00edlias que desejam introduzir a f\u00e9 crist\u00e3 de maneira consistente e inspiradora na rotina infantil.&hellip;<\/p>\n","protected":false},"featured_media":338820,"comment_status":"open","ping_status":"closed","template":"","meta":[],"product_cat":[158,134],"product_tag":[],"_links":{"self":[{"href":"https:\/\/www.livrariarema.com.br\/loja\/wp-json\/wp\/v2\/product\/338821"}],"collection":[{"href":"https:\/\/www.livrariarema.com.br\/loja\/wp-json\/wp\/v2\/product"}],"about":[{"href":"https:\/\/www.livrariarema.com.br\/loja\/wp-json\/wp\/v2\/types\/product"}],"replies":[{"embeddable":true,"href":"https:\/\/www.livrariarema.com.br\/loja\/wp-json\/wp\/v2\/comments?post=338821"}],"wp:featuredmedia":[{"embeddable":true,"href":"https:\/\/www.livrariarema.com.br\/loja\/wp-json\/wp\/v2\/media\/338820"}],"wp:attachment":[{"href":"https:\/\/www.livrariarema.com.br\/loja\/wp-json\/wp\/v2\/media?parent=338821"}],"wp:term":[{"taxonomy":"product_cat","embeddable":true,"href":"https:\/\/www.livrariarema.com.br\/loja\/wp-json\/wp\/v2\/product_cat?post=338821"},{"taxonomy":"product_tag","embeddable":true,"href":"https:\/\/www.livrariarema.com.br\/loja\/wp-json\/wp\/v2\/product_tag?post=338821"}],"curies":[{"name":"wp","href":"https:\/\/api.w.org\/{rel}","templated":true}]}}