{"id":338827,"date":"2025-09-29T17:01:28","date_gmt":"2025-09-29T20:01:28","guid":{"rendered":"https:\/\/www.livrariarema.com.br\/loja\/produtos\/sem categoria\/diario-de-oracao-pao-diario-graca-de-deus\/"},"modified":"2026-04-07T14:30:31","modified_gmt":"2026-04-07T17:30:31","slug":"diario-de-oracao-pao-diario-graca-de-deus","status":"publish","type":"product","link":"https:\/\/www.livrariarema.com.br\/loja\/produtos\/livros\/devocional\/diario-de-oracao-pao-diario-graca-de-deus\/","title":{"rendered":"Di\u00e1rio De Ora\u00e7\u00e3o &#8211; P\u00e3o Di\u00e1rio &#8211; Gra\u00e7a De Deus"},"content":{"rendered":"<p>O Di\u00e1rio de ora\u00e7\u00e3o &#8211; Gra\u00e7a de Deus \u00e9 uma ferramenta devocional completa, que re\u00fane leituras di\u00e1rias do P\u00e3o Di\u00e1rio, passagens b\u00edblicas, mensagens de encorajamento e um plano de leitura b\u00edblica anual. Cada p\u00e1gina foi cuidadosamente elaborada para inspirar a medita\u00e7\u00e3o, incentivar o di\u00e1logo com Deus e registrar os pedidos e respostas de ora\u00e7\u00e3o ao longo do tempo. \u00c9 um recurso essencial para quem busca crescer na f\u00e9 de maneira pr\u00e1tica, sens\u00edvel e personalizada.<\/p>\n","protected":false},"excerpt":{"rendered":"<p>O Di\u00e1rio de ora\u00e7\u00e3o &#8211; Gra\u00e7a de Deus \u00e9 uma ferramenta devocional completa, que re\u00fane leituras di\u00e1rias do P\u00e3o Di\u00e1rio,&hellip;<\/p>\n","protected":false},"featured_media":338826,"comment_status":"open","ping_status":"closed","template":"","meta":[],"product_cat":[158,134],"product_tag":[],"_links":{"self":[{"href":"https:\/\/www.livrariarema.com.br\/loja\/wp-json\/wp\/v2\/product\/338827"}],"collection":[{"href":"https:\/\/www.livrariarema.com.br\/loja\/wp-json\/wp\/v2\/product"}],"about":[{"href":"https:\/\/www.livrariarema.com.br\/loja\/wp-json\/wp\/v2\/types\/product"}],"replies":[{"embeddable":true,"href":"https:\/\/www.livrariarema.com.br\/loja\/wp-json\/wp\/v2\/comments?post=338827"}],"wp:featuredmedia":[{"embeddable":true,"href":"https:\/\/www.livrariarema.com.br\/loja\/wp-json\/wp\/v2\/media\/338826"}],"wp:attachment":[{"href":"https:\/\/www.livrariarema.com.br\/loja\/wp-json\/wp\/v2\/media?parent=338827"}],"wp:term":[{"taxonomy":"product_cat","embeddable":true,"href":"https:\/\/www.livrariarema.com.br\/loja\/wp-json\/wp\/v2\/product_cat?post=338827"},{"taxonomy":"product_tag","embeddable":true,"href":"https:\/\/www.livrariarema.com.br\/loja\/wp-json\/wp\/v2\/product_tag?post=338827"}],"curies":[{"name":"wp","href":"https:\/\/api.w.org\/{rel}","templated":true}]}}