{"id":338831,"date":"2025-09-29T17:02:13","date_gmt":"2025-09-29T20:02:13","guid":{"rendered":"https:\/\/www.livrariarema.com.br\/loja\/produtos\/sem categoria\/minha-nova-vida-uma-jornada-com-jesus\/"},"modified":"2026-03-30T09:40:53","modified_gmt":"2026-03-30T12:40:53","slug":"minha-nova-vida-uma-jornada-com-jesus","status":"publish","type":"product","link":"https:\/\/www.livrariarema.com.br\/loja\/produtos\/livros\/devocional\/minha-nova-vida-uma-jornada-com-jesus\/","title":{"rendered":"Minha Nova Vida &#8211; Uma Jornada Com Jesus"},"content":{"rendered":"<p>Minha Nova Vida &#8211; Uma Jornada com Jesus \u00e9 um recurso valioso para novos convertidos que desejam compreender os fundamentos da f\u00e9 crist\u00e3. Dividido em seis semanas, o livro oferece estudos curtos e simples, leituras b\u00edblicas, reflex\u00f5es e aplica\u00e7\u00f5es di\u00e1rias. Ao final de cada semana, h\u00e1 uma recapitula\u00e7\u00e3o para refor\u00e7ar o aprendizado, tornando-o ideal tanto para leitura individual quanto para discipulados em grupo.<\/p>\n","protected":false},"excerpt":{"rendered":"<p>Minha Nova Vida &#8211; Uma Jornada com Jesus \u00e9 um recurso valioso para novos convertidos que desejam compreender os fundamentos&hellip;<\/p>\n","protected":false},"featured_media":345240,"comment_status":"open","ping_status":"closed","template":"","meta":[],"product_cat":[158,134],"product_tag":[],"_links":{"self":[{"href":"https:\/\/www.livrariarema.com.br\/loja\/wp-json\/wp\/v2\/product\/338831"}],"collection":[{"href":"https:\/\/www.livrariarema.com.br\/loja\/wp-json\/wp\/v2\/product"}],"about":[{"href":"https:\/\/www.livrariarema.com.br\/loja\/wp-json\/wp\/v2\/types\/product"}],"replies":[{"embeddable":true,"href":"https:\/\/www.livrariarema.com.br\/loja\/wp-json\/wp\/v2\/comments?post=338831"}],"wp:featuredmedia":[{"embeddable":true,"href":"https:\/\/www.livrariarema.com.br\/loja\/wp-json\/wp\/v2\/media\/345240"}],"wp:attachment":[{"href":"https:\/\/www.livrariarema.com.br\/loja\/wp-json\/wp\/v2\/media?parent=338831"}],"wp:term":[{"taxonomy":"product_cat","embeddable":true,"href":"https:\/\/www.livrariarema.com.br\/loja\/wp-json\/wp\/v2\/product_cat?post=338831"},{"taxonomy":"product_tag","embeddable":true,"href":"https:\/\/www.livrariarema.com.br\/loja\/wp-json\/wp\/v2\/product_tag?post=338831"}],"curies":[{"name":"wp","href":"https:\/\/api.w.org\/{rel}","templated":true}]}}