{"id":338843,"date":"2025-09-29T17:04:07","date_gmt":"2025-09-29T20:04:07","guid":{"rendered":"https:\/\/www.livrariarema.com.br\/loja\/produtos\/sem%20categoria\/momentos-com-deus-para-casais\/"},"modified":"2026-03-12T17:21:56","modified_gmt":"2026-03-12T20:21:56","slug":"momentos-com-deus-para-casais","status":"publish","type":"product","link":"https:\/\/www.livrariarema.com.br\/loja\/produtos\/livros\/devocional\/momentos-com-deus-para-casais\/","title":{"rendered":"Momentos Com Deus &#8211; Para Casais"},"content":{"rendered":"<p>&#8220;Fortale\u00e7a seu casamento com devocionais di\u00e1rios inspiradores.&#8221; <\/p>\n<p>Por que este livro \u00e9 indispens\u00e1vel?<br \/>\nMomentos com Deus para Casais \u00e9 um devocional projetado especialmente para casais que buscam fortalecer o v\u00ednculo em seu relacionamento com Deus e entre si. A obra cont\u00e9m 26 temas semanais, proporcionando uma reflex\u00e3o di\u00e1ria que ajuda os casais a aplicarem a sabedoria b\u00edblica no contexto de seu casamento.  <\/p>\n<p>F\u00e9 inabal\u00e1vel <br \/>\nA leitura di\u00e1ria proporciona sabedoria b\u00edblica que pode ser aplicada ao relacionamento conjugal, dedicando alguns minutos por dia para refletir sobre a Palavra de Deus e fortalecer a vida a dois.  <\/p>\n<p>Edi\u00e7\u00e3o especial <br \/>\nCom 296 p\u00e1ginas, o livro possui capa brochura e \u00e9 impresso em papel de alta qualidade, proporcionando uma leitura confort\u00e1vel e agrad\u00e1vel. <\/p>\n","protected":false},"excerpt":{"rendered":"<p>&#8220;Fortale\u00e7a seu casamento com devocionais di\u00e1rios inspiradores.&#8221; Por que este livro \u00e9 indispens\u00e1vel? Momentos com Deus para Casais \u00e9 um&hellip;<\/p>\n","protected":false},"featured_media":340809,"comment_status":"open","ping_status":"closed","template":"","meta":[],"product_cat":[158,134],"product_tag":[],"_links":{"self":[{"href":"https:\/\/www.livrariarema.com.br\/loja\/wp-json\/wp\/v2\/product\/338843"}],"collection":[{"href":"https:\/\/www.livrariarema.com.br\/loja\/wp-json\/wp\/v2\/product"}],"about":[{"href":"https:\/\/www.livrariarema.com.br\/loja\/wp-json\/wp\/v2\/types\/product"}],"replies":[{"embeddable":true,"href":"https:\/\/www.livrariarema.com.br\/loja\/wp-json\/wp\/v2\/comments?post=338843"}],"wp:featuredmedia":[{"embeddable":true,"href":"https:\/\/www.livrariarema.com.br\/loja\/wp-json\/wp\/v2\/media\/340809"}],"wp:attachment":[{"href":"https:\/\/www.livrariarema.com.br\/loja\/wp-json\/wp\/v2\/media?parent=338843"}],"wp:term":[{"taxonomy":"product_cat","embeddable":true,"href":"https:\/\/www.livrariarema.com.br\/loja\/wp-json\/wp\/v2\/product_cat?post=338843"},{"taxonomy":"product_tag","embeddable":true,"href":"https:\/\/www.livrariarema.com.br\/loja\/wp-json\/wp\/v2\/product_tag?post=338843"}],"curies":[{"name":"wp","href":"https:\/\/api.w.org\/{rel}","templated":true}]}}