{"id":338845,"date":"2025-09-29T17:04:19","date_gmt":"2025-09-29T20:04:19","guid":{"rendered":"https:\/\/www.livrariarema.com.br\/loja\/produtos\/sem categoria\/arrumando-a-casa-edificando-homens-restaurando-familias\/"},"modified":"2026-01-21T13:26:50","modified_gmt":"2026-01-21T16:26:50","slug":"arrumando-a-casa-edificando-homens-restaurando-familias","status":"publish","type":"product","link":"https:\/\/www.livrariarema.com.br\/loja\/produtos\/livros\/homem\/arrumando-a-casa-edificando-homens-restaurando-familias\/","title":{"rendered":"Arrumando A Casa &#8211; Edificando Homens, Restaurando Fam\u00edlias"},"content":{"rendered":"<p>Arrumando a Casa \u00e9 uma obra escrita por tr\u00eas amigos que compartilham experi\u00eancias e conselhos pr\u00e1ticos para homens que desejam fortalecer sua vida espiritual e restaurar suas fam\u00edlias. O livro aborda temas como casamento, cria\u00e7\u00e3o de filhos, pureza mental, trabalho e sa\u00fade emocional, oferecendo orienta\u00e7\u00f5es baseadas em princ\u00edpios crist\u00e3os para enfrentar os desafios do dia a dia.<\/p>\n","protected":false},"excerpt":{"rendered":"<p>Arrumando a Casa \u00e9 uma obra escrita por tr\u00eas amigos que compartilham experi\u00eancias e conselhos pr\u00e1ticos para homens que desejam&hellip;<\/p>\n","protected":false},"featured_media":343014,"comment_status":"open","ping_status":"closed","template":"","meta":[],"product_cat":[152,134],"product_tag":[],"_links":{"self":[{"href":"https:\/\/www.livrariarema.com.br\/loja\/wp-json\/wp\/v2\/product\/338845"}],"collection":[{"href":"https:\/\/www.livrariarema.com.br\/loja\/wp-json\/wp\/v2\/product"}],"about":[{"href":"https:\/\/www.livrariarema.com.br\/loja\/wp-json\/wp\/v2\/types\/product"}],"replies":[{"embeddable":true,"href":"https:\/\/www.livrariarema.com.br\/loja\/wp-json\/wp\/v2\/comments?post=338845"}],"wp:featuredmedia":[{"embeddable":true,"href":"https:\/\/www.livrariarema.com.br\/loja\/wp-json\/wp\/v2\/media\/343014"}],"wp:attachment":[{"href":"https:\/\/www.livrariarema.com.br\/loja\/wp-json\/wp\/v2\/media?parent=338845"}],"wp:term":[{"taxonomy":"product_cat","embeddable":true,"href":"https:\/\/www.livrariarema.com.br\/loja\/wp-json\/wp\/v2\/product_cat?post=338845"},{"taxonomy":"product_tag","embeddable":true,"href":"https:\/\/www.livrariarema.com.br\/loja\/wp-json\/wp\/v2\/product_tag?post=338845"}],"curies":[{"name":"wp","href":"https:\/\/api.w.org\/{rel}","templated":true}]}}