{"id":338849,"date":"2025-09-29T17:05:13","date_gmt":"2025-09-29T20:05:13","guid":{"rendered":"https:\/\/www.livrariarema.com.br\/loja\/produtos\/sem categoria\/mulheres-escolhidas-da-identidade-ao-proposito\/"},"modified":"2026-01-14T09:20:29","modified_gmt":"2026-01-14T12:20:29","slug":"mulheres-escolhidas-da-identidade-ao-proposito","status":"publish","type":"product","link":"https:\/\/www.livrariarema.com.br\/loja\/produtos\/livros\/devocional\/mulheres-escolhidas-da-identidade-ao-proposito\/","title":{"rendered":"Mulheres Escolhidas: Da Identidade Ao Prop\u00f3sito"},"content":{"rendered":"<p>Colet\u00e2nea de reflex\u00f5es, escritas por 40 mulheres. Trata de temas desde a paternidade amorosa de Deus at\u00e9 a busca pela santidade e prop\u00f3sito. Devocionais voltados ao resgate e fortalecimento da identidade da mulher em Cristo, de forma acess\u00edvel e sincera. Inspiradoras hist\u00f3rias pessoais, insights b\u00edblicos e ora\u00e7\u00f5es sinceras. Um convite a uma transforma\u00e7\u00e3o profunda.<\/p>\n","protected":false},"excerpt":{"rendered":"<p>Colet\u00e2nea de reflex\u00f5es, escritas por 40 mulheres. Trata de temas desde a paternidade amorosa de Deus at\u00e9 a busca pela&hellip;<\/p>\n","protected":false},"featured_media":340804,"comment_status":"open","ping_status":"closed","template":"","meta":[],"product_cat":[158,134],"product_tag":[],"_links":{"self":[{"href":"https:\/\/www.livrariarema.com.br\/loja\/wp-json\/wp\/v2\/product\/338849"}],"collection":[{"href":"https:\/\/www.livrariarema.com.br\/loja\/wp-json\/wp\/v2\/product"}],"about":[{"href":"https:\/\/www.livrariarema.com.br\/loja\/wp-json\/wp\/v2\/types\/product"}],"replies":[{"embeddable":true,"href":"https:\/\/www.livrariarema.com.br\/loja\/wp-json\/wp\/v2\/comments?post=338849"}],"wp:featuredmedia":[{"embeddable":true,"href":"https:\/\/www.livrariarema.com.br\/loja\/wp-json\/wp\/v2\/media\/340804"}],"wp:attachment":[{"href":"https:\/\/www.livrariarema.com.br\/loja\/wp-json\/wp\/v2\/media?parent=338849"}],"wp:term":[{"taxonomy":"product_cat","embeddable":true,"href":"https:\/\/www.livrariarema.com.br\/loja\/wp-json\/wp\/v2\/product_cat?post=338849"},{"taxonomy":"product_tag","embeddable":true,"href":"https:\/\/www.livrariarema.com.br\/loja\/wp-json\/wp\/v2\/product_tag?post=338849"}],"curies":[{"name":"wp","href":"https:\/\/api.w.org\/{rel}","templated":true}]}}